{"id":336,"date":"2024-06-16T15:12:16","date_gmt":"2024-06-16T13:12:16","guid":{"rendered":"https:\/\/bonifacio-port.cci.corsica\/?page_id=336"},"modified":"2024-10-03T09:40:28","modified_gmt":"2024-10-03T07:40:28","slug":"acces-transport-parking","status":"publish","type":"page","link":"https:\/\/bonifacio-port.cci.corsica\/en\/acces-transport-parking\/","title":{"rendered":"Acc\u00e8s, transport et parking"},"content":{"rendered":"<div data-elementor-type=\"wp-page\" data-elementor-id=\"336\" class=\"elementor elementor-336\" data-elementor-post-type=\"page\">\n\t\t\t\t<div class=\"elementor-element elementor-element-3eebfc37 e-flex e-con-boxed e-con e-parent\" data-id=\"3eebfc37\" data-element_type=\"container\">\n\t\t\t\t\t<div class=\"e-con-inner\">\n\t\t<div class=\"elementor-element elementor-element-19258434 e-con-full e-flex e-con e-child\" data-id=\"19258434\" data-element_type=\"container\">\n\t\t\t\t<div class=\"elementor-element elementor-element-44b559a4 elementor-widget elementor-widget-heading\" data-id=\"44b559a4\" data-element_type=\"widget\" data-widget_type=\"heading.default\">\n\t\t\t\t<div class=\"elementor-widget-container\">\n\t\t\t\t\t<h2 class=\"elementor-heading-title elementor-size-default\">Plan d\u2019acc\u00e8s<\/h2>\t\t\t\t<\/div>\n\t\t\t\t<\/div>\n\t\t\t\t<div class=\"elementor-element elementor-element-1ac87fef elementor-widget elementor-widget-text-editor\" data-id=\"1ac87fef\" data-element_type=\"widget\" data-widget_type=\"text-editor.default\">\n\t\t\t\t<div class=\"elementor-widget-container\">\n\t\t\t\t\t\t\t\t\t<p><strong>Acc\u00e8s v\u00e9hicules Centre-Ville<\/strong><\/p>\t\t\t\t\t\t\t\t<\/div>\n\t\t\t\t<\/div>\n\t\t\t\t<div class=\"elementor-element elementor-element-5d4ab08b elementor-alert-info elementor-widget elementor-widget-alert\" data-id=\"5d4ab08b\" data-element_type=\"widget\" data-widget_type=\"alert.default\">\n\t\t\t\t<div class=\"elementor-widget-container\">\n\t\t\t\t\t\t\t<div class=\"elementor-alert\" role=\"alert\">\n\n\t\t\t\t\t\t<span class=\"elementor-alert-title\">Acc\u00e8s v\u00e9hicules : Centre-ville<\/span>\n\t\t\t\n\t\t\t\t\t\t<span class=\"elementor-alert-description\">Le port de Commerce de Bonifacio \u00e9tant accessible par la Haute Ville, votre arriv\u00e9e pourrait \u00eatre retard\u00e9e en raison de travaux, d'\u00e9v\u00e8nements divers ou d'une forte affluence en p\u00e9riode estivale. Pour une arriv\u00e9e en toute s\u00e9r\u00e9nit\u00e9, nous vous recommandons de pr\u00e9voir un temps de trajet allong\u00e9.<\/span>\n\t\t\t\n\t\t\t\n\t\t<\/div>\n\t\t\t\t\t\t<\/div>\n\t\t\t\t<\/div>\n\t\t\t\t<\/div>\n\t\t<div class=\"elementor-element elementor-element-31efc541 e-con-full e-flex e-con e-child\" data-id=\"31efc541\" data-element_type=\"container\">\n\t\t\t\t<div class=\"elementor-element elementor-element-5e1a35d elementor-widget elementor-widget-google_maps\" data-id=\"5e1a35d\" data-element_type=\"widget\" data-widget_type=\"google_maps.default\">\n\t\t\t\t<div class=\"elementor-widget-container\">\n\t\t\t\t\t\t\t<div class=\"elementor-custom-embed\">\n\t\t\t<iframe loading=\"lazy\"\n\t\t\t\t\tsrc=\"https:\/\/maps.google.com\/maps?q=Port%20de%20Bonifacio&#038;t=m&#038;z=10&#038;output=embed&#038;iwloc=near\"\n\t\t\t\t\ttitle=\"Port of Bonifacio\"\n\t\t\t\t\taria-label=\"Port of Bonifacio\"\n\t\t\t><\/iframe>\n\t\t<\/div>\n\t\t\t\t\t\t<\/div>\n\t\t\t\t<\/div>\n\t\t\t\t<\/div>\n\t\t\t\t\t<\/div>\n\t\t\t\t<\/div>\n\t\t<div class=\"elementor-element elementor-element-4253858f e-flex e-con-boxed e-con e-parent\" data-id=\"4253858f\" data-element_type=\"container\">\n\t\t\t\t\t<div class=\"e-con-inner\">\n\t\t<div class=\"elementor-element elementor-element-77a3e705 e-con-full e-flex e-con e-child\" data-id=\"77a3e705\" data-element_type=\"container\" data-settings=\"{&quot;background_background&quot;:&quot;classic&quot;}\">\n\t\t\t\t<\/div>\n\t\t<div class=\"elementor-element elementor-element-499cf93f e-con-full e-flex e-con e-child\" data-id=\"499cf93f\" data-element_type=\"container\">\n\t\t\t\t<div class=\"elementor-element elementor-element-364a151f elementor-widget elementor-widget-heading\" data-id=\"364a151f\" data-element_type=\"widget\" data-widget_type=\"heading.default\">\n\t\t\t\t<div class=\"elementor-widget-container\">\n\t\t\t\t\t<h2 class=\"elementor-heading-title elementor-size-default\">Pr\u00e9-Parking<\/h2>\t\t\t\t<\/div>\n\t\t\t\t<\/div>\n\t\t\t\t<div class=\"elementor-element elementor-element-d07604d elementor-alert-info elementor-widget elementor-widget-alert\" data-id=\"d07604d\" data-element_type=\"widget\" data-widget_type=\"alert.default\">\n\t\t\t\t<div class=\"elementor-widget-container\">\n\t\t\t\t\t\t\t<div class=\"elementor-alert\" role=\"alert\">\n\n\t\t\t\t\t\t<span class=\"elementor-alert-title\">Information importante<\/span>\n\t\t\t\n\t\t\t\t\t\t<span class=\"elementor-alert-description\">Uniquement d\u00e9di\u00e9 aux embarquements<\/span>\n\t\t\t\n\t\t\t\n\t\t<\/div>\n\t\t\t\t\t\t<\/div>\n\t\t\t\t<\/div>\n\t\t\t\t<div class=\"elementor-element elementor-element-84c63d7 elementor-widget elementor-widget-text-editor\" data-id=\"84c63d7\" data-element_type=\"widget\" data-widget_type=\"text-editor.default\">\n\t\t\t\t<div class=\"elementor-widget-container\">\n\t\t\t\t\t\t\t\t\t<p>Un pr\u00e9-parking de 18 places r\u00e9serv\u00e9es aux v\u00e9hicules est accessible<span class=\"Apple-converted-space\">\u00a0 <\/span>uniquement sur pr\u00e9sentation de votre billet d\u2019embarquement aupr\u00e8s des Agents de la CCI de Corse 1h00 avant le d\u00e9part de votre navire pour la Sardaigne !<\/p>\t\t\t\t\t\t\t\t<\/div>\n\t\t\t\t<\/div>\n\t\t\t\t<\/div>\n\t\t\t\t\t<\/div>\n\t\t\t\t<\/div>\n\t\t<div class=\"elementor-element elementor-element-11e9c37c e-flex e-con-boxed e-con e-parent\" data-id=\"11e9c37c\" data-element_type=\"container\">\n\t\t\t\t\t<div class=\"e-con-inner\">\n\t\t<div class=\"elementor-element elementor-element-128f40f3 e-con-full e-flex e-con e-child\" data-id=\"128f40f3\" data-element_type=\"container\">\n\t\t\t\t<div class=\"elementor-element elementor-element-435fd447 e-n-tabs-mobile elementor-widget elementor-widget-n-tabs\" data-id=\"435fd447\" data-element_type=\"widget\" data-settings=\"{&quot;tabs_justify_horizontal&quot;:&quot;start&quot;,&quot;horizontal_scroll&quot;:&quot;disable&quot;}\" data-widget_type=\"nested-tabs.default\">\n\t\t\t\t<div class=\"elementor-widget-container\">\n\t\t\t\t\t\t\t<div class=\"e-n-tabs\" data-widget-number=\"1130353735\" aria-label=\"Tabs. Open items with Enter or Space, close with Escape and navigate using the Arrow keys.\">\n\t\t\t<div class=\"e-n-tabs-heading\" role=\"tablist\">\n\t\t\t\t\t<button id=\"e-n-tab-title-11303537351\" class=\"e-n-tab-title\" aria-selected=\"true\" data-tab-index=\"1\" role=\"tab\" tabindex=\"0\" aria-controls=\"e-n-tab-content-11303537351\" style=\"--n-tabs-title-order: 1;\">\n\t\t\t\t\t\t<span class=\"e-n-tab-title-text\">\n\t\t\t\tBus\t\t\t<\/span>\n\t\t<\/button>\n\t\t\t\t<button id=\"e-n-tab-title-11303537352\" class=\"e-n-tab-title\" aria-selected=\"false\" data-tab-index=\"2\" role=\"tab\" tabindex=\"-1\" aria-controls=\"e-n-tab-content-11303537352\" style=\"--n-tabs-title-order: 2;\">\n\t\t\t\t\t\t<span class=\"e-n-tab-title-text\">\n\t\t\t\tLocation de voitures\t\t\t<\/span>\n\t\t<\/button>\n\t\t\t\t<button id=\"e-n-tab-title-11303537353\" class=\"e-n-tab-title\" aria-selected=\"false\" data-tab-index=\"3\" role=\"tab\" tabindex=\"-1\" aria-controls=\"e-n-tab-content-11303537353\" style=\"--n-tabs-title-order: 3;\">\n\t\t\t\t\t\t<span class=\"e-n-tab-title-text\">\n\t\t\t\tTaxis\t\t\t<\/span>\n\t\t<\/button>\n\t\t\t\t\t<\/div>\n\t\t\t<div class=\"e-n-tabs-content\">\n\t\t\t\t<div id=\"e-n-tab-content-11303537351\" role=\"tabpanel\" aria-labelledby=\"e-n-tab-title-11303537351\" data-tab-index=\"1\" style=\"--n-tabs-title-order: 1;\" class=\"e-active elementor-element elementor-element-39687a27 e-con-full e-flex e-con e-child\" data-id=\"39687a27\" data-element_type=\"container\">\n\t\t<div class=\"elementor-element elementor-element-19cf8e4c e-flex e-con-boxed e-con e-child\" data-id=\"19cf8e4c\" data-element_type=\"container\">\n\t\t\t\t\t<div class=\"e-con-inner\">\n\t\t\t\t<div class=\"elementor-element elementor-element-357f119b elementor-widget elementor-widget-text-editor\" data-id=\"357f119b\" data-element_type=\"widget\" data-widget_type=\"text-editor.default\">\n\t\t\t\t<div class=\"elementor-widget-container\">\n\t\t\t\t\t\t\t\t\t<p>Pour toutes informations pratiques, veuillez consulter le <a href=\"https:\/\/www.bonifacio.fr\/preparez-votre-sejour\/venir-en-corse-et-se-deplacer-a-bonifacio\/bus-et-autocars\/\" target=\"_blank\" rel=\"noopener\">Site de l\u2019Office Municipal de Tourisme de Bonifacio\u00a0<\/a><\/p>\t\t\t\t\t\t\t\t<\/div>\n\t\t\t\t<\/div>\n\t\t\t\t\t<\/div>\n\t\t\t\t<\/div>\n\t\t\t\t<\/div>\n\t\t<div id=\"e-n-tab-content-11303537352\" role=\"tabpanel\" aria-labelledby=\"e-n-tab-title-11303537352\" data-tab-index=\"2\" style=\"--n-tabs-title-order: 2;\" class=\"elementor-element elementor-element-7a2d052c e-con-full e-flex e-con e-child\" data-id=\"7a2d052c\" data-element_type=\"container\">\n\t\t<div class=\"elementor-element elementor-element-26e897bb e-flex e-con-boxed e-con e-child\" data-id=\"26e897bb\" data-element_type=\"container\">\n\t\t\t\t\t<div class=\"e-con-inner\">\n\t\t\t\t<div class=\"elementor-element elementor-element-234e1d50 elementor-widget elementor-widget-text-editor\" data-id=\"234e1d50\" data-element_type=\"widget\" data-widget_type=\"text-editor.default\">\n\t\t\t\t<div class=\"elementor-widget-container\">\n\t\t\t\t\t\t\t\t\t<p><strong>Location de voitures<\/strong><\/p><ul><li>Europcar \u2013 Station Esso: +33 (0)4.95.73.10.99<\/li><li>Hertz \u2013 Station Total, Quai Comparetti : +33 (0)4.95.73.06.41<\/li><\/ul>\t\t\t\t\t\t\t\t<\/div>\n\t\t\t\t<\/div>\n\t\t\t\t\t<\/div>\n\t\t\t\t<\/div>\n\t\t\t\t<\/div>\n\t\t<div id=\"e-n-tab-content-11303537353\" role=\"tabpanel\" aria-labelledby=\"e-n-tab-title-11303537353\" data-tab-index=\"3\" style=\"--n-tabs-title-order: 3;\" class=\"elementor-element elementor-element-54490d25 e-con-full e-flex e-con e-child\" data-id=\"54490d25\" data-element_type=\"container\">\n\t\t<div class=\"elementor-element elementor-element-5af2ed82 e-flex e-con-boxed e-con e-child\" data-id=\"5af2ed82\" data-element_type=\"container\">\n\t\t\t\t\t<div class=\"e-con-inner\">\n\t\t\t\t<div class=\"elementor-element elementor-element-fd6908 elementor-widget elementor-widget-text-editor\" data-id=\"fd6908\" data-element_type=\"widget\" data-widget_type=\"text-editor.default\">\n\t\t\t\t<div class=\"elementor-widget-container\">\n\t\t\t\t\t\t\t\t\t<p>Station de taxi<br \/>T\u00e9l\u00a0: 06 07 80 68 15<br \/>E-mail\u00a0:\u00a0<a href=\"mailto:bonifaciotaxi@orange.fr\">bonifaciotaxi@orange.fr<\/a><\/p>\t\t\t\t\t\t\t\t<\/div>\n\t\t\t\t<\/div>\n\t\t\t\t\t<\/div>\n\t\t\t\t<\/div>\n\t\t\t\t<\/div>\n\t\t\t\t\t<\/div>\n\t\t<\/div>\n\t\t\t\t\t\t<\/div>\n\t\t\t\t<\/div>\n\t\t\t\t<\/div>\n\t\t\t\t\t<\/div>\n\t\t\t\t<\/div>\n\t\t\t\t<\/div>","protected":false},"excerpt":{"rendered":"<p>Plan d\u2019acc\u00e8s Acc\u00e8s v\u00e9hicules Centre-Ville Acc\u00e8s v\u00e9hicules : Centre-ville Le port de Commerce de Bonifacio \u00e9tant accessible par la Haute Ville, votre arriv\u00e9e pourrait \u00eatre retard\u00e9e en raison de travaux, d&rsquo;\u00e9v\u00e8nements divers ou d&rsquo;une forte affluence en p\u00e9riode estivale. Pour une arriv\u00e9e en toute s\u00e9r\u00e9nit\u00e9, nous vous recommandons de pr\u00e9voir un temps de trajet allong\u00e9. [&hellip;]<\/p>\n","protected":false},"author":4,"featured_media":0,"parent":0,"menu_order":0,"comment_status":"closed","ping_status":"closed","template":"","meta":{"_acf_changed":false,"_seopress_robots_primary_cat":"","_seopress_titles_title":"","_seopress_titles_desc":"","_seopress_robots_index":"","footnotes":""},"type-de-page-":[5],"class_list":["post-336","page","type-page","status-publish","hentry","type-de-page--page-sans-image"],"acf":[],"_links":{"self":[{"href":"https:\/\/bonifacio-port.cci.corsica\/en\/wp-json\/wp\/v2\/pages\/336","targetHints":{"allow":["GET"]}}],"collection":[{"href":"https:\/\/bonifacio-port.cci.corsica\/en\/wp-json\/wp\/v2\/pages"}],"about":[{"href":"https:\/\/bonifacio-port.cci.corsica\/en\/wp-json\/wp\/v2\/types\/page"}],"author":[{"embeddable":true,"href":"https:\/\/bonifacio-port.cci.corsica\/en\/wp-json\/wp\/v2\/users\/4"}],"replies":[{"embeddable":true,"href":"https:\/\/bonifacio-port.cci.corsica\/en\/wp-json\/wp\/v2\/comments?post=336"}],"version-history":[{"count":40,"href":"https:\/\/bonifacio-port.cci.corsica\/en\/wp-json\/wp\/v2\/pages\/336\/revisions"}],"predecessor-version":[{"id":1454,"href":"https:\/\/bonifacio-port.cci.corsica\/en\/wp-json\/wp\/v2\/pages\/336\/revisions\/1454"}],"wp:attachment":[{"href":"https:\/\/bonifacio-port.cci.corsica\/en\/wp-json\/wp\/v2\/media?parent=336"}],"wp:term":[{"taxonomy":"type-de-page-","embeddable":true,"href":"https:\/\/bonifacio-port.cci.corsica\/en\/wp-json\/wp\/v2\/type-de-page-?post=336"}],"curies":[{"name":"wp","href":"https:\/\/api.w.org\/{rel}","templated":true}]}}