{"id":364,"date":"2024-06-16T15:52:20","date_gmt":"2024-06-16T13:52:20","guid":{"rendered":"https:\/\/bonifacio-port.cci.corsica\/?page_id=364"},"modified":"2025-02-19T15:08:07","modified_gmt":"2025-02-19T14:08:07","slug":"decouvrir-bonifacio","status":"publish","type":"page","link":"https:\/\/bonifacio-port.cci.corsica\/en\/decouvrir-bonifacio\/","title":{"rendered":"Discover Bonifacio"},"content":{"rendered":"<div data-elementor-type=\"wp-page\" data-elementor-id=\"364\" class=\"elementor elementor-364\" data-elementor-post-type=\"page\">\n\t\t\t\t<div class=\"elementor-element elementor-element-1f41601b e-flex e-con-boxed e-con e-parent\" data-id=\"1f41601b\" data-element_type=\"container\">\n\t\t\t\t\t<div class=\"e-con-inner\">\n\t\t<div class=\"elementor-element elementor-element-5fb1361d e-con-full e-flex e-con e-child\" data-id=\"5fb1361d\" data-element_type=\"container\">\n\t\t\t\t<div class=\"elementor-element elementor-element-5e7cf532 elementor-widget elementor-widget-heading\" data-id=\"5e7cf532\" data-element_type=\"widget\" data-widget_type=\"heading.default\">\n\t\t\t\t<div class=\"elementor-widget-container\">\n\t\t\t\t\t<h2 class=\"elementor-heading-title elementor-size-default\">La Haute ville et la citadelle<\/h2>\t\t\t\t<\/div>\n\t\t\t\t<\/div>\n\t\t\t\t<div class=\"elementor-element elementor-element-2d73ca2e elementor-widget elementor-widget-text-editor\" data-id=\"2d73ca2e\" data-element_type=\"widget\" data-widget_type=\"text-editor.default\">\n\t\t\t\t<div class=\"elementor-widget-container\">\n\t\t\t\t\t\t\t\t\t<p>La haute ville de Bonifacio est un v\u00e9ritable mus\u00e9e \u00e0 ciel ouvert ! la cit\u00e9 des falaises d\u00e9voile aux promeneurs une atmosph\u00e8re charg\u00e9e d\u2019histoire au d\u00e9tour de ruelles pittoresques : le pont-levis de la Porte de G\u00eanes, le Bastion de l\u2019\u00c9tendard, le Chemin de Ronde, la forteresse mill\u00e9naire, les nombreuses \u00e9glises, le cimeti\u00e8re marin\u2026 En plus d\u2019offrir des points de vue vertigineux sur la mer, la haute ville suscite l\u2019admiration avec ses hautes maisons blanches qui dominent \u00e0 plus de 60m \u00e0 flanc de falaises. Les plus courageux pourront emprunter les 187 marches de l\u2019escalier du Roy d\u2019Aragon qui m\u00e8nent au pied des falaises\u2026<\/p><p>A pied, par les marches qui grimpent du port jusqu&rsquo;\u00e0 la\u00a0 haute ville, en petit train au fil des ruelles, accompagn\u00e9 d\u2019un guide local qui \u00e9voquera avec passion les guerres et les si\u00e8ges auxquels la ville a r\u00e9sist\u00e9, et livrera pl\u00e9thore d\u2019anecdotes historiques\u2026 Quel que soit le choix du visiteur un tour de ville s\u2019impose !<\/p>\t\t\t\t\t\t\t\t<\/div>\n\t\t\t\t<\/div>\n\t\t\t\t<\/div>\n\t\t<div class=\"elementor-element elementor-element-3272bcda e-con-full e-flex e-con e-child\" data-id=\"3272bcda\" data-element_type=\"container\" data-settings=\"{&quot;background_background&quot;:&quot;classic&quot;}\">\n\t\t\t\t<\/div>\n\t\t\t\t\t<\/div>\n\t\t\t\t<\/div>\n\t\t<div class=\"elementor-element elementor-element-4df02080 e-flex e-con-boxed e-con e-parent\" data-id=\"4df02080\" data-element_type=\"container\">\n\t\t\t\t\t<div class=\"e-con-inner\">\n\t\t<div class=\"elementor-element elementor-element-44291aaf e-con-full e-flex e-con e-child\" data-id=\"44291aaf\" data-element_type=\"container\">\n\t\t\t\t<div class=\"elementor-element elementor-element-27a6c09c elementor-widget elementor-widget-heading\" data-id=\"27a6c09c\" data-element_type=\"widget\" data-widget_type=\"heading.default\">\n\t\t\t\t<div class=\"elementor-widget-container\">\n\t\t\t\t\t<h2 class=\"elementor-heading-title elementor-size-default\">Les grottes marines<\/h2>\t\t\t\t<\/div>\n\t\t\t\t<\/div>\n\t\t\t\t<div class=\"elementor-element elementor-element-68ca6916 elementor-widget elementor-widget-text-editor\" data-id=\"68ca6916\" data-element_type=\"widget\" data-widget_type=\"text-editor.default\">\n\t\t\t\t<div class=\"elementor-widget-container\">\n\t\t\t\t\t\t\t\t\t<p>Autre incontournable de votre escale bonifacienne, une promenade en mer \u00e0 la d\u00e9couverte des grottes marines du Parc Marin International des bouches de Bonifacio qui s\u2019\u00e9tend sur 80 000 hectares entre la Corse et la Sardaigne.<\/p><p>Apr\u00e8s une promenade \u00e0 pied sur la marina pour admirer les yachts, faire une halte dans un des glaciers, ou s&rsquo;adonner au shopping, vous pourrez rejoindre le point de d\u00e9part des navettes maritimes situ\u00e9 \u00e0 l\u2019autre extr\u00e9mit\u00e9 du port. Plusieurs choix d&rsquo;excursions maritimes vous y attendent.<\/p><p>D\u2019autres options s\u2019offrent \u00e0 vous pour explorer le Parc Marin par la mer ; en kayak pour les amoureux de la nature et ceux qui souhaitent profiter des acc\u00e8s les plus \u00ab secrets \u00bb, ou en jet ski pour les sportifs en qu\u00eate de sensations fortes.<\/p><p>Ne ratez pas l\u2019occasion de d\u00e9couvrir un environnement d\u2019exception et des panoramas spectaculaires faits de roches granitiques et de falaises calcaires.<\/p>\t\t\t\t\t\t\t\t<\/div>\n\t\t\t\t<\/div>\n\t\t\t\t<div class=\"elementor-element elementor-element-5774b694 elementor-widget__width-initial elementor-widget elementor-widget-image\" data-id=\"5774b694\" data-element_type=\"widget\" data-widget_type=\"image.default\">\n\t\t\t\t<div class=\"elementor-widget-container\">\n\t\t\t\t\t\t\t\t\t\t\t\t\t\t\t<img fetchpriority=\"high\" decoding=\"async\" width=\"1500\" height=\"930\" src=\"https:\/\/bonifacio-port.cci.corsica\/wp-content\/uploads\/sites\/9\/2024\/07\/Bonifacio-grottes.jpg\" class=\"attachment-full size-full wp-image-559\" alt=\"Vue a\u00e9rienne des grottes de Bonifacio par beau temps\" srcset=\"https:\/\/bonifacio-port.cci.corsica\/wp-content\/uploads\/sites\/9\/2024\/07\/Bonifacio-grottes.jpg 1500w, https:\/\/bonifacio-port.cci.corsica\/wp-content\/uploads\/sites\/9\/2024\/07\/Bonifacio-grottes-300x186.jpg 300w, https:\/\/bonifacio-port.cci.corsica\/wp-content\/uploads\/sites\/9\/2024\/07\/Bonifacio-grottes-1024x635.jpg 1024w, https:\/\/bonifacio-port.cci.corsica\/wp-content\/uploads\/sites\/9\/2024\/07\/Bonifacio-grottes-768x476.jpg 768w, https:\/\/bonifacio-port.cci.corsica\/wp-content\/uploads\/sites\/9\/2024\/07\/Bonifacio-grottes-18x12.jpg 18w\" sizes=\"(max-width: 1500px) 100vw, 1500px\" \/>\t\t\t\t\t\t\t\t\t\t\t\t\t\t\t<\/div>\n\t\t\t\t<\/div>\n\t\t\t\t<\/div>\n\t\t\t\t\t<\/div>\n\t\t\t\t<\/div>\n\t\t<div class=\"elementor-element elementor-element-bd53b3d e-flex e-con-boxed e-con e-parent\" data-id=\"bd53b3d\" data-element_type=\"container\">\n\t\t\t\t\t<div class=\"e-con-inner\">\n\t\t<div class=\"elementor-element elementor-element-2b28f536 e-con-full e-flex e-con e-child\" data-id=\"2b28f536\" data-element_type=\"container\">\n\t\t\t\t<div class=\"elementor-element elementor-element-6bce24b2 elementor-widget elementor-widget-heading\" data-id=\"6bce24b2\" data-element_type=\"widget\" data-widget_type=\"heading.default\">\n\t\t\t\t<div class=\"elementor-widget-container\">\n\t\t\t\t\t<h2 class=\"elementor-heading-title elementor-size-default\">Les \u00eeles Lavezzi<\/h2>\t\t\t\t<\/div>\n\t\t\t\t<\/div>\n\t\t\t\t<div class=\"elementor-element elementor-element-5d8a314c elementor-widget elementor-widget-text-editor\" data-id=\"5d8a314c\" data-element_type=\"widget\" data-widget_type=\"text-editor.default\">\n\t\t\t\t<div class=\"elementor-widget-container\">\n\t\t\t\t\t\t\t\t\t<p>L\u2019archipel des Iles Lavezzi est une r\u00e9serve naturelle aux allures de paradis sauvage, qui se situe au sud de Bonifacio.<\/p><p>Au d\u00e9part du port de Bonifacio, des navettes maritimes vous proposent, pour une demi-journ\u00e9e, de vivre une aventure de toute beaut\u00e9. Apr\u00e8s la d\u00e9couverte des c\u00f4tes de l\u2019Extr\u00eame Sud de la Corse, de l\u2019\u00eele des milliardaires de Cavallo, du lagon turquoise de Piantarella, de l&rsquo;\u00eele de Piana, de Sperone et de Pertusato, vous d\u00e9couvrirez les Iles Lavezzi, gros blocs granitiques ros\u00e9s \u00e9mergeant d\u2019une mer bleu turquoise transparente bord\u00e9e de plages aux couleurs paradisiaques.<\/p><p>Les amateurs de farniente et de paysages de bout du monde pourront profiter d&rsquo;une halte sur une magnifique plage de sable blanc, l\u2019occasion de pique-niquer ou de faire du snorkeling car les Iles Lavezzi sont \u00e9galement c\u00e9l\u00e8bres pour la beaut\u00e9 de leurs fonds marins.<\/p><p>Pour les sportifs avertis, des sorties guid\u00e9es en kayak sont organis\u00e9es chaque jour au d\u00e9part de la plage de Piantarella vers l&rsquo;archipel des Lavezzi !<\/p>\t\t\t\t\t\t\t\t<\/div>\n\t\t\t\t<\/div>\n\t\t\t\t<\/div>\n\t\t<div class=\"elementor-element elementor-element-aabf337 e-con-full e-flex e-con e-child\" data-id=\"aabf337\" data-element_type=\"container\" data-settings=\"{&quot;background_background&quot;:&quot;classic&quot;}\">\n\t\t\t\t<\/div>\n\t\t\t\t\t<\/div>\n\t\t\t\t<\/div>\n\t\t<div class=\"elementor-element elementor-element-13d54f3 e-flex e-con-boxed e-con e-parent\" data-id=\"13d54f3\" data-element_type=\"container\">\n\t\t\t\t\t<div class=\"e-con-inner\">\n\t\t<div class=\"elementor-element elementor-element-33f2351 e-con-full e-flex e-con e-child\" data-id=\"33f2351\" data-element_type=\"container\">\n\t\t\t\t<div class=\"elementor-element elementor-element-1db66c7 elementor-widget elementor-widget-heading\" data-id=\"1db66c7\" data-element_type=\"widget\" data-widget_type=\"heading.default\">\n\t\t\t\t<div class=\"elementor-widget-container\">\n\t\t\t\t\t<h2 class=\"elementor-heading-title elementor-size-default\">Le golf de Sperone<\/h2>\t\t\t\t<\/div>\n\t\t\t\t<\/div>\n\t\t\t\t<div class=\"elementor-element elementor-element-2161661 elementor-widget elementor-widget-text-editor\" data-id=\"2161661\" data-element_type=\"widget\" data-widget_type=\"text-editor.default\">\n\t\t\t\t<div class=\"elementor-widget-container\">\n\t\t\t\t\t\t\t\t\t<p>A 10 minutes en voiture du port de Bonifacio, d\u00e9couvrez le Golf de Sperone :\u00a0 75 hectares au c\u0153ur du maquis corse, un parcours de 18 trous mythique, assimil\u00e9 \u00e0 une balade le long des falaises calcaires d\u00e9voilant une vue imprenable sur les eaux turquoises de la m\u00e9diterran\u00e9e. Le golf de Sperone est consid\u00e9r\u00e9 comme l\u2019un plus beaux du monde !<\/p><p>Que vous soyez amateur ou professionnel, vous vivrez une exp\u00e9rience inoubliable notamment \u00e0 l&rsquo;approche du c\u00e9l\u00e8bre trou n\u00b016 invitant \u00e0 jouer au-dessus de la mer.<\/p><p>Au c\u0153ur du club house, \u00e9galement ouvert aux visiteurs, vous pourrez d\u00e9jeuner dans le cadre raffin\u00e9 d&rsquo;un restaurant offrant une vue \u00e0 couper le souffle sur les Iles Lavezzi et sur l\u2019\u00eele de Cavallo.<\/p><p>Vous avez envie de d\u00e9couvrir cette activit\u00e9 ? De profiter d\u2019un cadre enchanteur, d\u2019un environnement calme et reposant au c\u0153ur d\u2019une nature luxuriante ? <a href=\"https:\/\/www.golfdesperone.com\/\" target=\"_blank\" rel=\"noopener\">Sur r\u00e9servation<\/a>, offrez-vous les services d\u2019un coach personnel pour une session d\u2019initiation.<\/p><p>\u00a0Envie de prolonger le plaisir ? Acc\u00e9dez en quelques minutes,\u00a0 par un petit sentier, aux plages du \u00ab Grand Sperone \u00bb et du \u00abPetit Sperone \u00bb dont les couleurs n\u2019ont rien \u00e0 envier aux plus beaux lagons du monde.<\/p>\t\t\t\t\t\t\t\t<\/div>\n\t\t\t\t<\/div>\n\t\t\t\t<\/div>\n\t\t<div class=\"elementor-element elementor-element-80e5577 e-con-full e-flex e-con e-child\" data-id=\"80e5577\" data-element_type=\"container\" data-settings=\"{&quot;background_background&quot;:&quot;classic&quot;}\">\n\t\t\t\t<\/div>\n\t\t\t\t\t<\/div>\n\t\t\t\t<\/div>\n\t\t<div class=\"elementor-element elementor-element-606e5de0 e-flex e-con-boxed e-con e-parent\" data-id=\"606e5de0\" data-element_type=\"container\">\n\t\t\t\t\t<div class=\"e-con-inner\">\n\t\t<div class=\"elementor-element elementor-element-270ab7fb e-con-full e-flex e-con e-child\" data-id=\"270ab7fb\" data-element_type=\"container\">\n\t\t\t\t<div class=\"elementor-element elementor-element-6d972aeb elementor-widget elementor-widget-button\" data-id=\"6d972aeb\" data-element_type=\"widget\" data-widget_type=\"button.default\">\n\t\t\t\t<div class=\"elementor-widget-container\">\n\t\t\t\t\t\t\t\t\t<div class=\"elementor-button-wrapper\">\n\t\t\t\t\t<a class=\"elementor-button elementor-button-link elementor-size-sm\" href=\"https:\/\/bonifacio.fr\/\" target=\"_blank\">\n\t\t\t\t\t\t<span class=\"elementor-button-content-wrapper\">\n\t\t\t\t\t\t\t\t\t<span class=\"elementor-button-text\">Visitez le site de l'Office Municipal de Bonifacio Tourisme<\/span>\n\t\t\t\t\t<\/span>\n\t\t\t\t\t<\/a>\n\t\t\t\t<\/div>\n\t\t\t\t\t\t\t\t<\/div>\n\t\t\t\t<\/div>\n\t\t\t\t<\/div>\n\t\t\t\t\t<\/div>\n\t\t\t\t<\/div>\n\t\t\t\t<\/div>","protected":false},"excerpt":{"rendered":"<p>La Haute ville et la citadelle La haute ville de Bonifacio est un v\u00e9ritable mus\u00e9e \u00e0 ciel ouvert ! la cit\u00e9 des falaises d\u00e9voile aux promeneurs une atmosph\u00e8re charg\u00e9e d\u2019histoire au d\u00e9tour de ruelles pittoresques : le pont-levis de la Porte de G\u00eanes, le Bastion de l\u2019\u00c9tendard, le Chemin de Ronde, la forteresse mill\u00e9naire, les [&hellip;]<\/p>\n","protected":false},"author":4,"featured_media":0,"parent":0,"menu_order":0,"comment_status":"closed","ping_status":"closed","template":"","meta":{"_acf_changed":false,"_seopress_robots_primary_cat":"","_seopress_titles_title":"","_seopress_titles_desc":"","_seopress_robots_index":"","footnotes":""},"type-de-page-":[5],"class_list":["post-364","page","type-page","status-publish","hentry","type-de-page--page-sans-image"],"acf":[],"_links":{"self":[{"href":"https:\/\/bonifacio-port.cci.corsica\/en\/wp-json\/wp\/v2\/pages\/364","targetHints":{"allow":["GET"]}}],"collection":[{"href":"https:\/\/bonifacio-port.cci.corsica\/en\/wp-json\/wp\/v2\/pages"}],"about":[{"href":"https:\/\/bonifacio-port.cci.corsica\/en\/wp-json\/wp\/v2\/types\/page"}],"author":[{"embeddable":true,"href":"https:\/\/bonifacio-port.cci.corsica\/en\/wp-json\/wp\/v2\/users\/4"}],"replies":[{"embeddable":true,"href":"https:\/\/bonifacio-port.cci.corsica\/en\/wp-json\/wp\/v2\/comments?post=364"}],"version-history":[{"count":214,"href":"https:\/\/bonifacio-port.cci.corsica\/en\/wp-json\/wp\/v2\/pages\/364\/revisions"}],"predecessor-version":[{"id":1574,"href":"https:\/\/bonifacio-port.cci.corsica\/en\/wp-json\/wp\/v2\/pages\/364\/revisions\/1574"}],"wp:attachment":[{"href":"https:\/\/bonifacio-port.cci.corsica\/en\/wp-json\/wp\/v2\/media?parent=364"}],"wp:term":[{"taxonomy":"type-de-page-","embeddable":true,"href":"https:\/\/bonifacio-port.cci.corsica\/en\/wp-json\/wp\/v2\/type-de-page-?post=364"}],"curies":[{"name":"wp","href":"https:\/\/api.w.org\/{rel}","templated":true}]}}