{"id":373,"date":"2024-06-16T15:57:12","date_gmt":"2024-06-16T13:57:12","guid":{"rendered":"https:\/\/bonifacio-port.cci.corsica\/?page_id=373"},"modified":"2025-01-24T10:59:30","modified_gmt":"2025-01-24T09:59:30","slug":"destination-croisiere","status":"publish","type":"page","link":"https:\/\/bonifacio-port.cci.corsica\/en\/destination-croisiere\/","title":{"rendered":"Destination cruise"},"content":{"rendered":"<div data-elementor-type=\"wp-page\" data-elementor-id=\"373\" class=\"elementor elementor-373\" data-elementor-post-type=\"page\">\n\t\t\t\t<div class=\"elementor-element elementor-element-46d4b761 e-flex e-con-boxed e-con e-parent\" data-id=\"46d4b761\" data-element_type=\"container\">\n\t\t\t\t\t<div class=\"e-con-inner\">\n\t\t<div class=\"elementor-element elementor-element-6ea6304 e-con-full e-flex e-con e-child\" data-id=\"6ea6304\" data-element_type=\"container\" data-settings=\"{&quot;background_background&quot;:&quot;classic&quot;}\">\n\t\t\t\t<\/div>\n\t\t<div class=\"elementor-element elementor-element-66fe1893 e-con-full e-flex e-con e-child\" data-id=\"66fe1893\" data-element_type=\"container\">\n\t\t\t\t<div class=\"elementor-element elementor-element-5d075267 elementor-widget elementor-widget-text-editor\" data-id=\"5d075267\" data-element_type=\"widget\" data-widget_type=\"text-editor.default\">\n\t\t\t\t<div class=\"elementor-widget-container\">\n\t\t\t\t\t\t\t\t\t<p>Every year, Corsica attracts almost half a million cruise passengers to one of the 6 ports managed by the Corsican Chamber of Commerce and Industry: <a href=\"https:\/\/ajaccio-port.cci.corsica\" target=\"_blank\" rel=\"noopener\">Ajaccio<\/a>, <a href=\"https:\/\/bastia-port.cci.corsica\/\" target=\"_blank\" rel=\"noopener\">Bastia<\/a>, Bonifacio, <a href=\"https:\/\/ilerousse-port.cci.corsica\/\" target=\"_blank\" rel=\"noopener\">L'Ile-Rousse<\/a>, <a href=\"https:\/\/portovecchio-port.cci.corsica\/\" target=\"_blank\" rel=\"noopener\">Porto-Vecchio<\/a> and <a href=\"https:\/\/propriano-port.cci.corsica\/\" target=\"_blank\" rel=\"noopener\">Propriano<\/a>.<\/p><p>Bonifacio's commercial port, ideally located in the heart of the town, offers passengers and crew the luxury of being able to reach the town centre in just a few minutes' walk.<\/p><p>Cruising in Corsica is the result of a relationship of trust built up over many years with <a href=\"https:\/\/ajaccio-port.cci.corsica\/compagnies-de-croisieres\/\" target=\"_blank\" rel=\"noopener\"><strong>the biggest international cruise lines<\/strong><\/a> most of which offer very top-of-the-range trips.<\/p>\t\t\t\t\t\t\t\t<\/div>\n\t\t\t\t<\/div>\n\t\t\t\t<div class=\"elementor-element elementor-element-f3deef7 elementor-widget elementor-widget-button\" data-id=\"f3deef7\" data-element_type=\"widget\" data-widget_type=\"button.default\">\n\t\t\t\t<div class=\"elementor-widget-container\">\n\t\t\t\t\t\t\t\t\t<div class=\"elementor-button-wrapper\">\n\t\t\t\t\t<a class=\"elementor-button elementor-button-link elementor-size-sm\" href=\"https:\/\/bonifacio-port.cci.corsica\/en\/promotions-croisieres\/\">\n\t\t\t\t\t\t<span class=\"elementor-button-content-wrapper\">\n\t\t\t\t\t\t\t\t\t<span class=\"elementor-button-text\">Find out more about our actions<\/span>\n\t\t\t\t\t<\/span>\n\t\t\t\t\t<\/a>\n\t\t\t\t<\/div>\n\t\t\t\t\t\t\t\t<\/div>\n\t\t\t\t<\/div>\n\t\t\t\t<\/div>\n\t\t\t\t\t<\/div>\n\t\t\t\t<\/div>\n\t\t<div class=\"elementor-element elementor-element-7a4fae54 e-con-full e-flex e-con e-parent\" data-id=\"7a4fae54\" data-element_type=\"container\">\n\t\t<div class=\"elementor-element elementor-element-5f0983b0 e-con-full e-flex e-con e-child\" data-id=\"5f0983b0\" data-element_type=\"container\">\n\t\t\t\t<div class=\"elementor-element elementor-element-481aa1fa elementor-widget elementor-widget-text-editor\" data-id=\"481aa1fa\" data-element_type=\"widget\" data-widget_type=\"text-editor.default\">\n\t\t\t\t<div class=\"elementor-widget-container\">\n\t\t\t\t\t\t\t\t\t<p>Between 450 and 500 ports of call and more than 30 international companies are welcomed each year, with the cruise season stretching over 8 months and more than 50 different ships, including the new flagships of the nautical industry equipped with the very latest technology (scrubbers, clean fuels, waste and sewage recycling stations, etc.)!<\/p><p>The international clientele welcomed on board these ships remains essentially European, led by Germany and Great Britain, which account for 2\/3 of passengers, and also including Italians and Spaniards. Americans, who are very keen on cruises, make up the majority of the remaining third, where other nationalities also appear, including Canadian, Australian and South American cruisers.<\/p>\t\t\t\t\t\t\t\t<\/div>\n\t\t\t\t<\/div>\n\t\t\t\t<\/div>\n\t\t<div class=\"elementor-element elementor-element-4c17e1dd e-con-full e-flex e-con e-child\" data-id=\"4c17e1dd\" data-element_type=\"container\" data-settings=\"{&quot;background_background&quot;:&quot;classic&quot;}\">\n\t\t\t\t<\/div>\n\t\t\t\t<\/div>\n\t\t<div class=\"elementor-element elementor-element-256d7ae4 e-flex e-con-boxed e-con e-parent\" data-id=\"256d7ae4\" data-element_type=\"container\">\n\t\t\t\t\t<div class=\"e-con-inner\">\n\t\t\t\t<div class=\"elementor-element elementor-element-cc87d27 elementor-widget elementor-widget-image\" data-id=\"cc87d27\" data-element_type=\"widget\" data-widget_type=\"image.default\">\n\t\t\t\t<div class=\"elementor-widget-container\">\n\t\t\t\t\t\t\t\t\t\t\t\t\t\t\t<img fetchpriority=\"high\" decoding=\"async\" width=\"800\" height=\"600\" src=\"https:\/\/bonifacio-port.cci.corsica\/wp-content\/uploads\/sites\/9\/2024\/07\/ponant-Bonifacio-1024x768.jpg\" class=\"attachment-large size-large wp-image-811\" alt=\"Ponant cruise boat in Ajaccio\" srcset=\"https:\/\/bonifacio-port.cci.corsica\/wp-content\/uploads\/sites\/9\/2024\/07\/ponant-Bonifacio-1024x768.jpg 1024w, https:\/\/bonifacio-port.cci.corsica\/wp-content\/uploads\/sites\/9\/2024\/07\/ponant-Bonifacio-300x225.jpg 300w, https:\/\/bonifacio-port.cci.corsica\/wp-content\/uploads\/sites\/9\/2024\/07\/ponant-Bonifacio-768x576.jpg 768w, https:\/\/bonifacio-port.cci.corsica\/wp-content\/uploads\/sites\/9\/2024\/07\/ponant-Bonifacio-16x12.jpg 16w, https:\/\/bonifacio-port.cci.corsica\/wp-content\/uploads\/sites\/9\/2024\/07\/ponant-Bonifacio.jpg 1040w\" sizes=\"(max-width: 800px) 100vw, 800px\" \/>\t\t\t\t\t\t\t\t\t\t\t\t\t\t\t<\/div>\n\t\t\t\t<\/div>\n\t\t\t\t<div class=\"elementor-element elementor-element-2003c0db elementor-widget elementor-widget-heading\" data-id=\"2003c0db\" data-element_type=\"widget\" data-widget_type=\"heading.default\">\n\t\t\t\t<div class=\"elementor-widget-container\">\n\t\t\t\t\t<h2 class=\"elementor-heading-title elementor-size-default\">One day in Bonifacio<\/h2>\t\t\t\t<\/div>\n\t\t\t\t<\/div>\n\t\t\t\t<div class=\"elementor-element elementor-element-7c3681ac elementor-widget elementor-widget-text-editor\" data-id=\"7c3681ac\" data-element_type=\"widget\" data-widget_type=\"text-editor.default\">\n\t\t\t\t<div class=\"elementor-widget-container\">\n\t\t\t\t\t\t\t\t\t<p>If Bonifacio remains the most visited place in Corsica, it's not by chance.<\/p><p>An impregnable fortress, Bonifacio has always been a source of wonder and change of scenery for visitors. Surrounded by breathtaking white cliffs, bathed in an endless turquoise sea and steeped in a thousand years of history... this stopover promises an exceptional spectacle and some of the best photos of your itinerary!<\/p>\t\t\t\t\t\t\t\t<\/div>\n\t\t\t\t<\/div>\n\t\t\t\t<div class=\"elementor-element elementor-element-72980a6 elementor-widget elementor-widget-button\" data-id=\"72980a6\" data-element_type=\"widget\" data-widget_type=\"button.default\">\n\t\t\t\t<div class=\"elementor-widget-container\">\n\t\t\t\t\t\t\t\t\t<div class=\"elementor-button-wrapper\">\n\t\t\t\t\t<a class=\"elementor-button elementor-button-link elementor-size-sm\" href=\"https:\/\/bonifacio-port.cci.corsica\/en\/decouvrir-bonifacio\/\">\n\t\t\t\t\t\t<span class=\"elementor-button-content-wrapper\">\n\t\t\t\t\t\t\t\t\t<span class=\"elementor-button-text\">Discover<\/span>\n\t\t\t\t\t<\/span>\n\t\t\t\t\t<\/a>\n\t\t\t\t<\/div>\n\t\t\t\t\t\t\t\t<\/div>\n\t\t\t\t<\/div>\n\t\t\t\t<div class=\"elementor-element elementor-element-279fbcb9 elementor-widget elementor-widget-image\" data-id=\"279fbcb9\" data-element_type=\"widget\" data-widget_type=\"image.default\">\n\t\t\t\t<div class=\"elementor-widget-container\">\n\t\t\t\t\t\t\t\t\t\t\t\t\t\t\t<img decoding=\"async\" width=\"1500\" height=\"1123\" src=\"https:\/\/bonifacio-port.cci.corsica\/wp-content\/uploads\/sites\/9\/2024\/06\/bonifacio-3.jpg\" class=\"attachment-full size-full wp-image-468\" alt=\"Aerial view of the town of Bonifacio\" srcset=\"https:\/\/bonifacio-port.cci.corsica\/wp-content\/uploads\/sites\/9\/2024\/06\/bonifacio-3.jpg 1500w, https:\/\/bonifacio-port.cci.corsica\/wp-content\/uploads\/sites\/9\/2024\/06\/bonifacio-3-300x225.jpg 300w, https:\/\/bonifacio-port.cci.corsica\/wp-content\/uploads\/sites\/9\/2024\/06\/bonifacio-3-1024x767.jpg 1024w, https:\/\/bonifacio-port.cci.corsica\/wp-content\/uploads\/sites\/9\/2024\/06\/bonifacio-3-768x575.jpg 768w, https:\/\/bonifacio-port.cci.corsica\/wp-content\/uploads\/sites\/9\/2024\/06\/bonifacio-3-16x12.jpg 16w\" sizes=\"(max-width: 1500px) 100vw, 1500px\" \/>\t\t\t\t\t\t\t\t\t\t\t\t\t\t\t<\/div>\n\t\t\t\t<\/div>\n\t\t\t\t\t<\/div>\n\t\t\t\t<\/div>\n\t\t<div class=\"elementor-element elementor-element-2a5034c e-flex e-con-boxed e-con e-parent\" data-id=\"2a5034c\" data-element_type=\"container\">\n\t\t\t\t\t<div class=\"e-con-inner\">\n\t\t\t\t<div class=\"elementor-element elementor-element-358e40b elementor-widget elementor-widget-heading\" data-id=\"358e40b\" data-element_type=\"widget\" data-widget_type=\"heading.default\">\n\t\t\t\t<div class=\"elementor-widget-container\">\n\t\t\t\t\t<h2 class=\"elementor-heading-title elementor-size-default\">Cruise Corsica, the closest of the remote islands<\/h2>\t\t\t\t<\/div>\n\t\t\t\t<\/div>\n\t\t\t\t<div class=\"elementor-element elementor-element-ee5ba7e elementor-widget elementor-widget-text-editor\" data-id=\"ee5ba7e\" data-element_type=\"widget\" data-widget_type=\"text-editor.default\">\n\t\t\t\t<div class=\"elementor-widget-container\">\n\t\t\t\t\t\t\t\t\t<p>Corsica, a mountain in the sea, the Isle of Beauty, wild and mysterious, adorned with shades of green and blue, a breath of fresh air in your Mediterranean itinerary that promises to offer you a relaxing and exotic break.<\/p><p>Thanks to the great diversity of the surrounding landscapes, all the ports of call offer a wide choice of outdoor activities, from the sea to the mountains, from culture to gastronomy. So, wine tasting, walking, horse riding, cycling, quad biking, white water sports such as rafting or canyoning, water sports such as diving, snorkelling, kayaking, and many other original activities such as tree climbing or rock climbing \u00abvia ferrata\u00bb... each time of year has its own charm and offers a wide range of possibilities for the whole family.<\/p><p>We've selected a few ideas for you to discover Corsica, its nature, its history and its people, so that you can make your stopover an unforgettable experience!<\/p>\t\t\t\t\t\t\t\t<\/div>\n\t\t\t\t<\/div>\n\t\t\t\t<div class=\"elementor-element elementor-element-b68718d elementor-widget elementor-widget-button\" data-id=\"b68718d\" data-element_type=\"widget\" data-widget_type=\"button.default\">\n\t\t\t\t<div class=\"elementor-widget-container\">\n\t\t\t\t\t\t\t\t\t<div class=\"elementor-button-wrapper\">\n\t\t\t\t\t<a class=\"elementor-button elementor-button-link elementor-size-sm\" href=\"https:\/\/www.cci.corsica\/cruise-corsica\/\" target=\"_blank\">\n\t\t\t\t\t\t<span class=\"elementor-button-content-wrapper\">\n\t\t\t\t\t\t\t\t\t<span class=\"elementor-button-text\">Places and activities to discover <\/span>\n\t\t\t\t\t<\/span>\n\t\t\t\t\t<\/a>\n\t\t\t\t<\/div>\n\t\t\t\t\t\t\t\t<\/div>\n\t\t\t\t<\/div>\n\t\t\t\t\t<\/div>\n\t\t\t\t<\/div>\n\t\t\t\t<\/div>","protected":false},"excerpt":{"rendered":"<p>Chaque ann\u00e9e, la Corse attire pr\u00e8s d\u2019un demi-million de croisi\u00e9ristes dans l\u2019un des 6 ports g\u00e9r\u00e9s par la Chambre de Commerce et d\u2019Industrie de Corse : Ajaccio, Bastia, Bonifacio, L\u2019Ile-Rousse, Porto-Vecchio et Propriano. Le Port de commerce de Bonifacio, id\u00e9alement situ\u00e9 au c\u0153ur de la ville, offre aux passagers et membres d\u2019\u00e9quipage le luxe de [&hellip;]<\/p>\n","protected":false},"author":4,"featured_media":0,"parent":0,"menu_order":0,"comment_status":"closed","ping_status":"closed","template":"","meta":{"_acf_changed":false,"_seopress_robots_primary_cat":"","_seopress_titles_title":"","_seopress_titles_desc":"","_seopress_robots_index":"","footnotes":""},"type-de-page-":[5],"class_list":["post-373","page","type-page","status-publish","hentry","type-de-page--page-sans-image"],"acf":[],"_links":{"self":[{"href":"https:\/\/bonifacio-port.cci.corsica\/en\/wp-json\/wp\/v2\/pages\/373","targetHints":{"allow":["GET"]}}],"collection":[{"href":"https:\/\/bonifacio-port.cci.corsica\/en\/wp-json\/wp\/v2\/pages"}],"about":[{"href":"https:\/\/bonifacio-port.cci.corsica\/en\/wp-json\/wp\/v2\/types\/page"}],"author":[{"embeddable":true,"href":"https:\/\/bonifacio-port.cci.corsica\/en\/wp-json\/wp\/v2\/users\/4"}],"replies":[{"embeddable":true,"href":"https:\/\/bonifacio-port.cci.corsica\/en\/wp-json\/wp\/v2\/comments?post=373"}],"version-history":[{"count":94,"href":"https:\/\/bonifacio-port.cci.corsica\/en\/wp-json\/wp\/v2\/pages\/373\/revisions"}],"predecessor-version":[{"id":1554,"href":"https:\/\/bonifacio-port.cci.corsica\/en\/wp-json\/wp\/v2\/pages\/373\/revisions\/1554"}],"wp:attachment":[{"href":"https:\/\/bonifacio-port.cci.corsica\/en\/wp-json\/wp\/v2\/media?parent=373"}],"wp:term":[{"taxonomy":"type-de-page-","embeddable":true,"href":"https:\/\/bonifacio-port.cci.corsica\/en\/wp-json\/wp\/v2\/type-de-page-?post=373"}],"curies":[{"name":"wp","href":"https:\/\/api.w.org\/{rel}","templated":true}]}}