{"id":392,"date":"2024-06-16T16:08:12","date_gmt":"2024-06-16T14:08:12","guid":{"rendered":"https:\/\/bonifacio-port.cci.corsica\/?page_id=392"},"modified":"2024-09-19T15:09:05","modified_gmt":"2024-09-19T13:09:05","slug":"histoire","status":"publish","type":"page","link":"https:\/\/bonifacio-port.cci.corsica\/en\/histoire\/","title":{"rendered":"Histoire"},"content":{"rendered":"<div data-elementor-type=\"wp-page\" data-elementor-id=\"392\" class=\"elementor elementor-392\" data-elementor-post-type=\"page\">\n\t\t\t\t<div class=\"elementor-element elementor-element-7f382b3 e-flex e-con-boxed e-con e-parent\" data-id=\"7f382b3\" data-element_type=\"container\">\n\t\t\t\t\t<div class=\"e-con-inner\">\n\t\t\t\t<div class=\"elementor-element elementor-element-b116293 elementor-widget elementor-widget-text-editor\" data-id=\"b116293\" data-element_type=\"widget\" data-widget_type=\"text-editor.default\">\n\t\t\t\t<div class=\"elementor-widget-container\">\n\t\t\t\t\t\t\t\t\t<p>Quand Hom\u00e8re \u00e9crit dans l\u2019Odyss\u00e9e \u00ab <em>Nous entrons dans ce port bien connu des marins : une double falaise \u00e0 pic et sans coupure, se dresse tout autour, et deux caps allong\u00e9s, qui se font vis-\u00e0-vis au-devant de l\u2019entr\u00e9e en \u00e9tranglent la bouche<\/em>. \u00bb on peut reconna\u00eetre le port de Bonifacio. Prolongeant sa lecture, on y trouve des \u00e9l\u00e9ments d\u2019information montrant une \u00eele tr\u00e8s structur\u00e9e et d\u00e9velopp\u00e9e entre mer et montagne. Ces informations sont-elles exactes ?<\/p>\n<p>Quoiqu\u2019il en soit, les d\u00e9couvertes arch\u00e9ologiques d\u00e9voilant le squelette de La Dame de Bonifacio d\u00e9montrent que le site est habit\u00e9 depuis la pr\u00e9histoire, avec une datation du squelette entre 6500 et 7000 avant J\u00e9sus-Christ.<span class=\"Apple-converted-space\">&nbsp;<\/span><\/p>\n<p>Au cours de l\u2019Histoire, le Port de Commerce de Bonifacio, de part son emplacement strat\u00e9gique en M\u00e9diterran\u00e9e, est tr\u00e8s convoit\u00e9. Il s\u2019est retrouv\u00e9 au c\u0153ur de nombreux conflits guerriers (dont notamment le conflit qui opposait Pise \u00e0 G\u00eanes), mais la bataille la plus terrible fut celle men\u00e9e contre la peste en 1528 qui fit plus de 4300 morts dans Bonifacio qui comptait 5000 habitants.<\/p>\n<p>Le Port de Commerce de Bonifacio, en tant que plaque tournante des \u00e9changes \u00e9conomiques, culturels et touristiques, s\u2019est d\u00e9velopp\u00e9 au cours des si\u00e8cles.<\/p>\n<p>Aujourd\u2019hui il d\u00e9ploie son activit\u00e9 Ferries \u00e0 travers des liaisons quotidiennes avec \u00e0 la Sardaigne toute proche, et accueille des navires de croisi\u00e8res au c\u0153ur des falaises dans un port moderne parfaitement int\u00e9gr\u00e9 \u00e0 son environnement.<\/p>\n<p>Les travaux de r\u00e9fection du deuxi\u00e8me poste \u00e0 quai remis en service en juillet 2022 apr\u00e8s 10 ans de fermeture, permet l&rsquo;accueil des ferries et des chaloupes de croisi\u00e8re avec un standard de s\u00e9curit\u00e9 et de confort \u00e9lev\u00e9. <span class=\"Apple-converted-space\">&nbsp;<\/span><\/p>\t\t\t\t\t\t\t\t<\/div>\n\t\t\t\t<\/div>\n\t\t\t\t\t<\/div>\n\t\t\t\t<\/div>\n\t\t\t\t<\/div>","protected":false},"excerpt":{"rendered":"<p>Quand Hom\u00e8re \u00e9crit dans l\u2019Odyss\u00e9e \u00ab Nous entrons dans ce port bien connu des marins : une double falaise \u00e0 pic et sans coupure, se dresse tout autour, et deux caps allong\u00e9s, qui se font vis-\u00e0-vis au-devant de l\u2019entr\u00e9e en \u00e9tranglent la bouche. \u00bb on peut reconna\u00eetre le port de Bonifacio. Prolongeant sa lecture, on [&hellip;]<\/p>\n","protected":false},"author":4,"featured_media":0,"parent":0,"menu_order":0,"comment_status":"closed","ping_status":"closed","template":"","meta":{"_acf_changed":false,"_seopress_robots_primary_cat":"","_seopress_titles_title":"","_seopress_titles_desc":"","_seopress_robots_index":"","footnotes":""},"type-de-page-":[5],"class_list":["post-392","page","type-page","status-publish","hentry","type-de-page--page-sans-image"],"acf":[],"_links":{"self":[{"href":"https:\/\/bonifacio-port.cci.corsica\/en\/wp-json\/wp\/v2\/pages\/392","targetHints":{"allow":["GET"]}}],"collection":[{"href":"https:\/\/bonifacio-port.cci.corsica\/en\/wp-json\/wp\/v2\/pages"}],"about":[{"href":"https:\/\/bonifacio-port.cci.corsica\/en\/wp-json\/wp\/v2\/types\/page"}],"author":[{"embeddable":true,"href":"https:\/\/bonifacio-port.cci.corsica\/en\/wp-json\/wp\/v2\/users\/4"}],"replies":[{"embeddable":true,"href":"https:\/\/bonifacio-port.cci.corsica\/en\/wp-json\/wp\/v2\/comments?post=392"}],"version-history":[{"count":10,"href":"https:\/\/bonifacio-port.cci.corsica\/en\/wp-json\/wp\/v2\/pages\/392\/revisions"}],"predecessor-version":[{"id":957,"href":"https:\/\/bonifacio-port.cci.corsica\/en\/wp-json\/wp\/v2\/pages\/392\/revisions\/957"}],"wp:attachment":[{"href":"https:\/\/bonifacio-port.cci.corsica\/en\/wp-json\/wp\/v2\/media?parent=392"}],"wp:term":[{"taxonomy":"type-de-page-","embeddable":true,"href":"https:\/\/bonifacio-port.cci.corsica\/en\/wp-json\/wp\/v2\/type-de-page-?post=392"}],"curies":[{"name":"wp","href":"https:\/\/api.w.org\/{rel}","templated":true}]}}