{"id":422,"date":"2024-06-16T16:46:35","date_gmt":"2024-06-16T14:46:35","guid":{"rendered":"https:\/\/bonifacio-port.cci.corsica\/?page_id=422"},"modified":"2024-10-09T09:58:43","modified_gmt":"2024-10-09T07:58:43","slug":"missions","status":"publish","type":"page","link":"https:\/\/bonifacio-port.cci.corsica\/en\/missions\/","title":{"rendered":"Our missions"},"content":{"rendered":"<div data-elementor-type=\"wp-page\" data-elementor-id=\"422\" class=\"elementor elementor-422\" data-elementor-post-type=\"page\">\n\t\t\t\t<div class=\"elementor-element elementor-element-6fed40f1 e-flex e-con-boxed e-con e-parent\" data-id=\"6fed40f1\" data-element_type=\"container\">\n\t\t\t\t\t<div class=\"e-con-inner\">\n\t\t<div class=\"elementor-element elementor-element-5c06b933 e-con-full e-flex e-con e-child\" data-id=\"5c06b933\" data-element_type=\"container\">\n\t\t\t\t<div class=\"elementor-element elementor-element-4c9669ba elementor-widget elementor-widget-heading\" data-id=\"4c9669ba\" data-element_type=\"widget\" data-widget_type=\"heading.default\">\n\t\t\t\t<div class=\"elementor-widget-container\">\n\t\t\t\t\t<h3 class=\"elementor-heading-title elementor-size-default\">Chaque ann\u00e9e, le Port de Bonifacio accueille pr\u00e8s de 250 000 passagers, plus de 3 400 rotations navires, et traite plus de 80 000  tonnes de marchandises.\n<\/h3>\t\t\t\t<\/div>\n\t\t\t\t<\/div>\n\t\t\t\t<\/div>\n\t\t<div class=\"elementor-element elementor-element-4a42285f e-con-full e-flex e-con e-child\" data-id=\"4a42285f\" data-element_type=\"container\" data-settings=\"{&quot;background_background&quot;:&quot;classic&quot;}\">\n\t\t\t\t<\/div>\n\t\t\t\t\t<\/div>\n\t\t\t\t<\/div>\n\t\t<div class=\"elementor-element elementor-element-525e0854 e-flex e-con-boxed e-con e-parent\" data-id=\"525e0854\" data-element_type=\"container\">\n\t\t\t\t\t<div class=\"e-con-inner\">\n\t\t\t\t<div class=\"elementor-element elementor-element-7fff38bb elementor-widget elementor-widget-heading\" data-id=\"7fff38bb\" data-element_type=\"widget\" data-widget_type=\"heading.default\">\n\t\t\t\t<div class=\"elementor-widget-container\">\n\t\t\t\t\t<h2 class=\"elementor-heading-title elementor-size-default\">Les 4 missions essentielles\n<\/h2>\t\t\t\t<\/div>\n\t\t\t\t<\/div>\n\t\t\t\t\t<\/div>\n\t\t\t\t<\/div>\n\t\t<div class=\"elementor-element elementor-element-77fa63ad e-flex e-con-boxed e-con e-parent\" data-id=\"77fa63ad\" data-element_type=\"container\">\n\t\t\t\t\t<div class=\"e-con-inner\">\n\t\t<div class=\"elementor-element elementor-element-113c7651 e-con-full e-flex e-con e-child\" data-id=\"113c7651\" data-element_type=\"container\">\n\t\t\t\t<div class=\"elementor-element elementor-element-dd0cc69 elementor-cta--skin-cover elementor-widget elementor-widget-call-to-action\" data-id=\"dd0cc69\" data-element_type=\"widget\" data-widget_type=\"call-to-action.default\">\n\t\t\t\t<div class=\"elementor-widget-container\">\n\t\t\t\t\t\t\t<div class=\"elementor-cta\">\n\t\t\t\t\t<div class=\"elementor-cta__bg-wrapper\">\n\t\t\t\t<div class=\"elementor-cta__bg elementor-bg\" style=\"background-image: url();\" role=\"img\" aria-label=\"\"><\/div>\n\t\t\t\t<div class=\"elementor-cta__bg-overlay\"><\/div>\n\t\t\t<\/div>\n\t\t\t\t\t\t\t<div class=\"elementor-cta__content\">\n\t\t\t\t\n\t\t\t\t\t\t\t\t\t<h3 class=\"elementor-cta__title elementor-cta__content-item elementor-content-item\">\n\t\t\t\t\t\tG\u00e9rer\t\t\t\t\t<\/h3>\n\t\t\t\t\n\t\t\t\t\t\t\t\t\t<div class=\"elementor-cta__description elementor-cta__content-item elementor-content-item\">\n\t\t\t\t\t\tLa CCI de Corse g\u00e8re la concession du Port de Bonifacio.\nLe concessionnaire assure la gestion du domaine public, la \u00e0 l\u2019int\u00e9rieur du p\u00e9rim\u00e8tre conc\u00e9d\u00e9. Les missions sont les suivantes : la r\u00e9alisation, l\u2019entretien, le renouvellement, l\u2019exploitation, le d\u00e9veloppement et la promotion des ouvrages, terrains, b\u00e2timents, installations, mat\u00e9riels, r\u00e9seaux et services n\u00e9cessaires au fonctionnement du port.\t\t\t\t\t<\/div>\n\t\t\t\t\n\t\t\t\t\t\t\t<\/div>\n\t\t\t\t\t\t<\/div>\n\t\t\t\t\t\t<\/div>\n\t\t\t\t<\/div>\n\t\t\t\t<\/div>\n\t\t<div class=\"elementor-element elementor-element-515105d7 e-con-full e-flex e-con e-child\" data-id=\"515105d7\" data-element_type=\"container\">\n\t\t\t\t<div class=\"elementor-element elementor-element-24bd17bf elementor-cta--skin-cover elementor-widget elementor-widget-call-to-action\" data-id=\"24bd17bf\" data-element_type=\"widget\" data-widget_type=\"call-to-action.default\">\n\t\t\t\t<div class=\"elementor-widget-container\">\n\t\t\t\t\t\t\t<div class=\"elementor-cta\">\n\t\t\t\t\t<div class=\"elementor-cta__bg-wrapper\">\n\t\t\t\t<div class=\"elementor-cta__bg elementor-bg\" style=\"background-image: url();\" role=\"img\" aria-label=\"\"><\/div>\n\t\t\t\t<div class=\"elementor-cta__bg-overlay\"><\/div>\n\t\t\t<\/div>\n\t\t\t\t\t\t\t<div class=\"elementor-cta__content\">\n\t\t\t\t\n\t\t\t\t\t\t\t\t\t<h3 class=\"elementor-cta__title elementor-cta__content-item elementor-content-item\">\n\t\t\t\t\t\tAccueillir\t\t\t\t\t<\/h3>\n\t\t\t\t\n\t\t\t\t\t\t\t\t\t<div class=\"elementor-cta__description elementor-cta__content-item elementor-content-item\">\n\t\t\t\t\t\tLa Chambre de Commerce et d'Industrie de Corse n\u2019a de cesse d\u2019am\u00e9liorer les conditions d\u2019accueil des passagers et des v\u00e9hicules. Pour ce faire, elle organise la gestion des flux tant au niveau des v\u00e9hicules qu\u2019au niveau des passagers pi\u00e9tons. Pour cela, elle met en place des services, des infrastructures et des superstructures tels que : des terminaux maritimes, des parkings, une navette gratuite, un point information, des \u00e9quipements \u00e0 messagerie variable pour la signalisation\u2026.\t\t\t\t\t<\/div>\n\t\t\t\t\n\t\t\t\t\t\t\t<\/div>\n\t\t\t\t\t\t<\/div>\n\t\t\t\t\t\t<\/div>\n\t\t\t\t<\/div>\n\t\t\t\t<\/div>\n\t\t<div class=\"elementor-element elementor-element-5ea1fddb e-con-full e-flex e-con e-child\" data-id=\"5ea1fddb\" data-element_type=\"container\">\n\t\t\t\t<div class=\"elementor-element elementor-element-33906834 elementor-cta--skin-cover elementor-widget elementor-widget-call-to-action\" data-id=\"33906834\" data-element_type=\"widget\" data-widget_type=\"call-to-action.default\">\n\t\t\t\t<div class=\"elementor-widget-container\">\n\t\t\t\t\t\t\t<div class=\"elementor-cta\">\n\t\t\t\t\t<div class=\"elementor-cta__bg-wrapper\">\n\t\t\t\t<div class=\"elementor-cta__bg elementor-bg\" style=\"background-image: url();\" role=\"img\" aria-label=\"\"><\/div>\n\t\t\t\t<div class=\"elementor-cta__bg-overlay\"><\/div>\n\t\t\t<\/div>\n\t\t\t\t\t\t\t<div class=\"elementor-cta__content\">\n\t\t\t\t\n\t\t\t\t\t\t\t\t\t<h3 class=\"elementor-cta__title elementor-cta__content-item elementor-content-item\">\n\t\t\t\t\t\tFavoriser le d\u00e9veloppement du trafic\t\t\t\t\t<\/h3>\n\t\t\t\t\n\t\t\t\t\t\t\t\t\t<div class=\"elementor-cta__description elementor-cta__content-item elementor-content-item\">\n\t\t\t\t\t\tFavoriser le d\u00e9veloppement du trafic en r\u00e9pondant aux attentes de tous les op\u00e9rateurs et particuli\u00e8rement des compagnies maritimes.\n\u00c0 ce titre, elle assure la promotion et la communication en partenariat avec l\u2019ensemble des compagnies maritimes, les acteurs de la communaut\u00e9 portuaire et les professionnels du transport et du tourisme insulaire.\nAvec un positionnement g\u00e9ographique avantageux, notamment par une proximit\u00e9 avec les ports italiens du golfe de G\u00eanes et la Sardaigne, les 6 ports de commerce insulaires sont desservis par 5 compagnies r\u00e9guli\u00e8res et 12 connexions avec la France et l\u2019Italie accueillant ainsi chaque ann\u00e9e plus de 4 millions de passagers et 3,7 millions de tonnes de marchandises.\t\t\t\t\t<\/div>\n\t\t\t\t\n\t\t\t\t\t\t\t<\/div>\n\t\t\t\t\t\t<\/div>\n\t\t\t\t\t\t<\/div>\n\t\t\t\t<\/div>\n\t\t\t\t<\/div>\n\t\t<div class=\"elementor-element elementor-element-15a24f8e e-con-full e-flex e-con e-child\" data-id=\"15a24f8e\" data-element_type=\"container\">\n\t\t\t\t<div class=\"elementor-element elementor-element-456565f9 elementor-cta--skin-cover elementor-widget elementor-widget-call-to-action\" data-id=\"456565f9\" data-element_type=\"widget\" data-widget_type=\"call-to-action.default\">\n\t\t\t\t<div class=\"elementor-widget-container\">\n\t\t\t\t\t\t\t<div class=\"elementor-cta\">\n\t\t\t\t\t<div class=\"elementor-cta__bg-wrapper\">\n\t\t\t\t<div class=\"elementor-cta__bg elementor-bg\" style=\"background-image: url();\" role=\"img\" aria-label=\"\"><\/div>\n\t\t\t\t<div class=\"elementor-cta__bg-overlay\"><\/div>\n\t\t\t<\/div>\n\t\t\t\t\t\t\t<div class=\"elementor-cta__content\">\n\t\t\t\t\n\t\t\t\t\t\t\t\t\t<h3 class=\"elementor-cta__title elementor-cta__content-item elementor-content-item\">\n\t\t\t\t\t\tPr\u00e9parer l'avenir\t\t\t\t\t<\/h3>\n\t\t\t\t\n\t\t\t\t\t\t\t\t\t<div class=\"elementor-cta__description elementor-cta__content-item elementor-content-item\">\n\t\t\t\t\t\tEn \u00e9laborant des programmes d\u2019investissement \u00e0 partir des pr\u00e9visions de trafic et d\u2019\u00e9volution des flottes.\nEn proposant des am\u00e9nagements nouveaux \u00e0 court terme.\nEn travaillant des axes de d\u00e9veloppement : nouvelles lignes, nouveaux trafics, croisi\u00e8res\u2026\t\t\t\t\t<\/div>\n\t\t\t\t\n\t\t\t\t\t\t\t<\/div>\n\t\t\t\t\t\t<\/div>\n\t\t\t\t\t\t<\/div>\n\t\t\t\t<\/div>\n\t\t\t\t<\/div>\n\t\t\t\t\t<\/div>\n\t\t\t\t<\/div>\n\t\t\t\t<\/div>","protected":false},"excerpt":{"rendered":"<p>Chaque ann\u00e9e, le Port de Bonifacio accueille pr\u00e8s de 250 000 passagers, plus de 3 400 rotations navires, et traite plus de 80 000 tonnes de marchandises. Les 4 missions essentielles G\u00e9rer La CCI de Corse g\u00e8re la concession du Port de Bonifacio. Le concessionnaire assure la gestion du domaine public, la \u00e0 l\u2019int\u00e9rieur du [&hellip;]<\/p>\n","protected":false},"author":4,"featured_media":0,"parent":0,"menu_order":0,"comment_status":"closed","ping_status":"closed","template":"","meta":{"_acf_changed":false,"_seopress_robots_primary_cat":"","_seopress_titles_title":"","_seopress_titles_desc":"","_seopress_robots_index":"","footnotes":""},"type-de-page-":[5],"class_list":["post-422","page","type-page","status-publish","hentry","type-de-page--page-sans-image"],"acf":[],"_links":{"self":[{"href":"https:\/\/bonifacio-port.cci.corsica\/en\/wp-json\/wp\/v2\/pages\/422","targetHints":{"allow":["GET"]}}],"collection":[{"href":"https:\/\/bonifacio-port.cci.corsica\/en\/wp-json\/wp\/v2\/pages"}],"about":[{"href":"https:\/\/bonifacio-port.cci.corsica\/en\/wp-json\/wp\/v2\/types\/page"}],"author":[{"embeddable":true,"href":"https:\/\/bonifacio-port.cci.corsica\/en\/wp-json\/wp\/v2\/users\/4"}],"replies":[{"embeddable":true,"href":"https:\/\/bonifacio-port.cci.corsica\/en\/wp-json\/wp\/v2\/comments?post=422"}],"version-history":[{"count":28,"href":"https:\/\/bonifacio-port.cci.corsica\/en\/wp-json\/wp\/v2\/pages\/422\/revisions"}],"predecessor-version":[{"id":1494,"href":"https:\/\/bonifacio-port.cci.corsica\/en\/wp-json\/wp\/v2\/pages\/422\/revisions\/1494"}],"wp:attachment":[{"href":"https:\/\/bonifacio-port.cci.corsica\/en\/wp-json\/wp\/v2\/media?parent=422"}],"wp:term":[{"taxonomy":"type-de-page-","embeddable":true,"href":"https:\/\/bonifacio-port.cci.corsica\/en\/wp-json\/wp\/v2\/type-de-page-?post=422"}],"curies":[{"name":"wp","href":"https:\/\/api.w.org\/{rel}","templated":true}]}}