{"id":435,"date":"2024-06-16T16:52:47","date_gmt":"2024-06-16T14:52:47","guid":{"rendered":"https:\/\/bonifacio-port.cci.corsica\/?page_id=435"},"modified":"2024-10-02T16:50:12","modified_gmt":"2024-10-02T14:50:12","slug":"embarquement-debarquement","status":"publish","type":"page","link":"https:\/\/bonifacio-port.cci.corsica\/en\/embarquement-debarquement\/","title":{"rendered":"Proc\u00e9dures d&#8217;embarquement et d\u00e9barquement"},"content":{"rendered":"<div data-elementor-type=\"wp-page\" data-elementor-id=\"435\" class=\"elementor elementor-435\" data-elementor-post-type=\"page\">\n\t\t\t\t<div class=\"elementor-element elementor-element-1adb3122 e-flex e-con-boxed e-con e-parent\" data-id=\"1adb3122\" data-element_type=\"container\">\n\t\t\t\t\t<div class=\"e-con-inner\">\n\t\t<div class=\"elementor-element elementor-element-2c6b7a15 e-con-full e-flex e-con e-child\" data-id=\"2c6b7a15\" data-element_type=\"container\">\n\t\t\t\t<div class=\"elementor-element elementor-element-220e6019 elementor-widget elementor-widget-heading\" data-id=\"220e6019\" data-element_type=\"widget\" data-widget_type=\"heading.default\">\n\t\t\t\t<div class=\"elementor-widget-container\">\n\t\t\t\t\t<h2 class=\"elementor-heading-title elementor-size-default\">Pi\u00e9tons<\/h2>\t\t\t\t<\/div>\n\t\t\t\t<\/div>\n\t\t\t\t<div class=\"elementor-element elementor-element-2d881cb elementor-widget elementor-widget-text-editor\" data-id=\"2d881cb\" data-element_type=\"widget\" data-widget_type=\"text-editor.default\">\n\t\t\t\t<div class=\"elementor-widget-container\">\n\t\t\t\t\t\t\t\t\t<ul><li>Acc\u00e8s passagers pi\u00e9tons par la Gare Maritime \u2013 Port de Commerce de Bonifacio<\/li><li>Gare Maritime en acc\u00e8s libre<\/li><\/ul>\t\t\t\t\t\t\t\t<\/div>\n\t\t\t\t<\/div>\n\t\t\t\t<div class=\"elementor-element elementor-element-51b715b2 elementor-widget elementor-widget-text-editor\" data-id=\"51b715b2\" data-element_type=\"widget\" data-widget_type=\"text-editor.default\">\n\t\t\t\t<div class=\"elementor-widget-container\">\n\t\t\t\t\t\t\t\t\t<h3>S\u00e9curit\u00e9<\/h3><ul><li>Les bagages ne doivent pas rester sans surveillance dans la Gare Maritime. Plan Vigipirate en vigueur<\/li><li>Circulation des pi\u00e9tons au sein des installations portuaires : suivre imp\u00e9rativement les cheminements d\u00e9di\u00e9s.<\/li><\/ul><h3>Groupes (v\u00e9los, cars..)<\/h3><ul><li>Attente \u00e0 l\u2019ext\u00e9rieure de la Gare Maritime en organisant le groupe dans l\u2019espace d\u00e9di\u00e9.<\/li><li>Le responsable du groupe doit se rendre au guichet de la Compagnie Maritime, afin de valider le Titre de Passage.<\/li><li>L\u2019Agent de la Compagnie Maritime doit informer les Agents de la CCI de l\u2019ouverture de l\u2019embarquement des groupes par radio canal 15.<\/li><li>Les groupes doivent attendre le \u00ab\u00a0feu vert\u00a0\u00bb des Agents d\u2019acc\u00e8s pour l\u2019embarquement<\/li><li>L\u2019embarquement se fait par le cheminent situ\u00e9 en Gare Maritime par la Porte N\u00b01.<\/li><\/ul>\t\t\t\t\t\t\t\t<\/div>\n\t\t\t\t<\/div>\n\t\t\t\t<div class=\"elementor-element elementor-element-93e6d39 elementor-alert-info elementor-widget elementor-widget-alert\" data-id=\"93e6d39\" data-element_type=\"widget\" data-widget_type=\"alert.default\">\n\t\t\t\t<div class=\"elementor-widget-container\">\n\t\t\t\t\t\t\t<div class=\"elementor-alert\" role=\"alert\">\n\n\t\t\t\t\t\t<span class=\"elementor-alert-title\">VOUS DEVEZ PRESENTER VOTRE BILLET ET VOTRE PIECE D\u2019IDENTITE<\/span>\n\t\t\t\n\t\t\t\t\t\t<span class=\"elementor-alert-description\">Embarquement pi\u00e9tons 30 mn avant le d\u00e9part du navire :  Contr\u00f4le d\u2019acc\u00e8s \u00e0 l'entr\u00e9e des installations portuaires par un Agent de la CCIC et\/ou par un Agent de Suret\u00e9<\/span>\n\t\t\t\n\t\t\t\n\t\t<\/div>\n\t\t\t\t\t\t<\/div>\n\t\t\t\t<\/div>\n\t\t\t\t<\/div>\n\t\t<div class=\"elementor-element elementor-element-49b48479 e-con-full e-flex e-con e-child\" data-id=\"49b48479\" data-element_type=\"container\" data-settings=\"{&quot;background_background&quot;:&quot;classic&quot;}\">\n\t\t\t\t<\/div>\n\t\t\t\t\t<\/div>\n\t\t\t\t<\/div>\n\t\t<div class=\"elementor-element elementor-element-14ab5141 e-con-full e-flex e-con e-parent\" data-id=\"14ab5141\" data-element_type=\"container\">\n\t\t<div class=\"elementor-element elementor-element-6949dfe9 e-con-full e-flex e-con e-child\" data-id=\"6949dfe9\" data-element_type=\"container\" data-settings=\"{&quot;background_background&quot;:&quot;classic&quot;}\">\n\t\t\t\t<\/div>\n\t\t<div class=\"elementor-element elementor-element-6e93c6fd e-con-full e-flex e-con e-child\" data-id=\"6e93c6fd\" data-element_type=\"container\">\n\t\t\t\t<div class=\"elementor-element elementor-element-305e1d77 elementor-widget elementor-widget-heading\" data-id=\"305e1d77\" data-element_type=\"widget\" data-widget_type=\"heading.default\">\n\t\t\t\t<div class=\"elementor-widget-container\">\n\t\t\t\t\t<h2 class=\"elementor-heading-title elementor-size-default\">Voitures<\/h2>\t\t\t\t<\/div>\n\t\t\t\t<\/div>\n\t\t\t\t<div class=\"elementor-element elementor-element-225c16d elementor-alert-info elementor-widget elementor-widget-alert\" data-id=\"225c16d\" data-element_type=\"widget\" data-widget_type=\"alert.default\">\n\t\t\t\t<div class=\"elementor-widget-container\">\n\t\t\t\t\t\t\t<div class=\"elementor-alert\" role=\"alert\">\n\n\t\t\t\t\t\t<span class=\"elementor-alert-title\">L\u2019acc\u00e8s au Port de Commerce de Bonifacio est autoris\u00e9 1h30 avant le d\u00e9part du navire<\/span>\n\t\t\t\n\t\t\t\t\t\t<span class=\"elementor-alert-description\">Les v\u00e9hicules qui se pr\u00e9sentent avant l\u2019heure autoris\u00e9e se verront refuser l\u2019acc\u00e8s, ils ne devront pas stationner devant la barri\u00e8re situ\u00e9e \u00e0 l'entr\u00e9e du Port, mais pourront stationner sur le pr\u00e9-parking.<\/span>\n\t\t\t\n\t\t\t\n\t\t<\/div>\n\t\t\t\t\t\t<\/div>\n\t\t\t\t<\/div>\n\t\t\t\t<div class=\"elementor-element elementor-element-e73f0a3 elementor-alert-info elementor-widget elementor-widget-alert\" data-id=\"e73f0a3\" data-element_type=\"widget\" data-widget_type=\"alert.default\">\n\t\t\t\t<div class=\"elementor-widget-container\">\n\t\t\t\t\t\t\t<div class=\"elementor-alert\" role=\"alert\">\n\n\t\t\t\n\t\t\t\t\t\t<span class=\"elementor-alert-description\">\n\nLes v\u00e9hicules \u00ab accompagnants \u00bb ne sont pas autoris\u00e9s \u00e0 acc\u00e9der \u00e0 l\u2019enceinte portuaire, les passagers pi\u00e9tons doivent \u00eatre d\u00e9pos\u00e9s \u00e0 la Gare Maritime pour l'embarquement.<\/span>\n\t\t\t\n\t\t\t\n\t\t<\/div>\n\t\t\t\t\t\t<\/div>\n\t\t\t\t<\/div>\n\t\t\t\t<div class=\"elementor-element elementor-element-5c2fd086 elementor-widget elementor-widget-text-editor\" data-id=\"5c2fd086\" data-element_type=\"widget\" data-widget_type=\"text-editor.default\">\n\t\t\t\t<div class=\"elementor-widget-container\">\n\t\t\t\t\t\t\t\t\t<div class=\"vc_row wpb_row section vc_row-fluid\"><div class=\"full_section_inner clearfix\"><div class=\"wpb_column vc_column_container vc_col-sm-12\"><div class=\"vc_column-inner\"><div class=\"wpb_wrapper\"><div class=\"wpb_text_column wpb_content_element\"><div class=\"wpb_wrapper\"><h3>Embarquement v\u00e9hicule<\/h3><p>Le Port de Commerce de Bonifacio \u00e9tant accessible par la haute Ville votre arriv\u00e9e pourrait \u00eatre retard\u00e9e en raison de travaux, d&rsquo;\u00e9v\u00e8nements divers ou d&rsquo;une forte affluence en p\u00e9riode estivale. Pour une arriv\u00e9e en toute s\u00e9r\u00e9nit\u00e9, nous vous recommandons de pr\u00e9voir un temps de trajet allong\u00e9.<\/p><p><strong>Modalit\u00e9s pratiques lors de l&#8217;embarquement<\/strong><\/p><ol><li>Pr\u00e9-Contr\u00f4le de votre Titre de Transport avant le d\u00e9part effectu\u00e9 par un Agent de la CCI de Corse pour acc\u00e9der au Port :<\/li><\/ol><ul><li><strong>1h30 avant le d\u00e9part (de novembre \u00e0 avril)<\/strong><\/li><li><strong>1h00 avant le d\u00e9part (de mai \u00e0 octobre)<\/strong><\/li><li>Direction zone de contr\u00f4le Compagnie Maritime :<\/li><\/ul><ol><li style=\"list-style-type: none\"><ul><li>Suivre la signal\u00e9tique portuaire vers la zone de contr\u00f4le de la Compagnie Maritime<\/li><li>Ne pas se diriger vers le navire sans avoir effectu\u00e9 les formalit\u00e9s aupr\u00e8s de la Compagnie Maritime<\/li><\/ul><\/li><li>Contr\u00f4le de votre Titre de Transport et de votre Pi\u00e8ce d\u2019Identit\u00e9 par un Agent de la Compagnie Maritime directement \u00e0 votre v\u00e9hicule <strong>1h30 avant le d\u00e9part<\/strong> <strong>(de novembre \u00e0 avril)<\/strong> &#8211;<strong> 1h00 avant le d\u00e9part (de mai \u00e0 octobre)\u00a0<\/strong><\/li><li>Stationnement de votre v\u00e9hicule en zone de pr\u00e9-embarquement<\/li><li>Embarquement \u00e0 bord du navire<\/li><\/ol><\/div><\/div><\/div><\/div><\/div><\/div><\/div>\t\t\t\t\t\t\t\t<\/div>\n\t\t\t\t<\/div>\n\t\t\t\t<div class=\"elementor-element elementor-element-fa7a2c6 elementor-widget elementor-widget-text-editor\" data-id=\"fa7a2c6\" data-element_type=\"widget\" data-widget_type=\"text-editor.default\">\n\t\t\t\t<div class=\"elementor-widget-container\">\n\t\t\t\t\t\t\t\t\t<div class=\"vc_row wpb_row section vc_row-fluid\"><div class=\"full_section_inner clearfix\"><div class=\"wpb_column vc_column_container vc_col-sm-12\"><div class=\"vc_column-inner\"><div class=\"wpb_wrapper\"><div class=\"wpb_text_column wpb_content_element\"><div class=\"wpb_wrapper\"><h3>D\u00e9barquement v\u00e9hicule<\/h3><p>Le d\u00e9barquement des v\u00e9hicules depuis le navire se fait via un cheminement sp\u00e9cifique indiqu\u00e9 par les Agents d\u2019Exploitation portuaire de la CCI de Corse, \u00e0 la sortie du navire.<\/p><p>Il est interdit \u00e0 tout v\u00e9hicule de s\u2019arr\u00eater sur les voies de d\u00e9barquement.<\/p><p>Les points de rendez-vous doivent imp\u00e9rativement se situer en dehors de l\u2019enceinte portuaire.<\/p><\/div><\/div><\/div><\/div><\/div><\/div><\/div>\t\t\t\t\t\t\t\t<\/div>\n\t\t\t\t<\/div>\n\t\t\t\t<\/div>\n\t\t\t\t<\/div>\n\t\t<div class=\"elementor-element elementor-element-78ddca7 e-flex e-con-boxed e-con e-parent\" data-id=\"78ddca7\" data-element_type=\"container\">\n\t\t\t\t\t<div class=\"e-con-inner\">\n\t\t\t\t<div class=\"elementor-element elementor-element-4b5ff17 elementor-widget elementor-widget-heading\" data-id=\"4b5ff17\" data-element_type=\"widget\" data-widget_type=\"heading.default\">\n\t\t\t\t<div class=\"elementor-widget-container\">\n\t\t\t\t\t<h3 class=\"elementor-heading-title elementor-size-default\">Personnes \u00e0 mobilit\u00e9 r\u00e9duite<\/h3>\t\t\t\t<\/div>\n\t\t\t\t<\/div>\n\t\t\t\t<div class=\"elementor-element elementor-element-8e45ff2 elementor-widget elementor-widget-text-editor\" data-id=\"8e45ff2\" data-element_type=\"widget\" data-widget_type=\"text-editor.default\">\n\t\t\t\t<div class=\"elementor-widget-container\">\n\t\t\t\t\t\t\t\t\t<p>Signalez votre handicap d\u00e8s votre arriv\u00e9e au pr\u00e9-contr\u00f4le, le personnel de la CCIC en poste aux Acc\u00e8s Portuaires informera la Compagnie Maritime afin qu&rsquo;elle puisse pr\u00e9voir une prise en charge adapt\u00e9e.<\/p><p>Pour faciliter l\u2019acc\u00e8s \u00e0 bord (acc\u00e8s \u00e0 l\u2019ascenseur\u2026), pr\u00e9sentez-vous au Responsable de l\u2019escale bien avant le d\u00e9but des op\u00e9rations d\u2019embarquement<\/p>\t\t\t\t\t\t\t\t<\/div>\n\t\t\t\t<\/div>\n\t\t\t\t\t<\/div>\n\t\t\t\t<\/div>\n\t\t\t\t<\/div>","protected":false},"excerpt":{"rendered":"<p>Pi\u00e9tons Acc\u00e8s passagers pi\u00e9tons par la Gare Maritime \u2013 Port de Commerce de Bonifacio Gare Maritime en acc\u00e8s libre S\u00e9curit\u00e9 Les bagages ne doivent pas rester sans surveillance dans la Gare Maritime. Plan Vigipirate en vigueur Circulation des pi\u00e9tons au sein des installations portuaires : suivre imp\u00e9rativement les cheminements d\u00e9di\u00e9s. Groupes (v\u00e9los, cars..) Attente \u00e0 [&hellip;]<\/p>\n","protected":false},"author":4,"featured_media":0,"parent":0,"menu_order":0,"comment_status":"closed","ping_status":"closed","template":"","meta":{"_acf_changed":false,"_seopress_robots_primary_cat":"","_seopress_titles_title":"","_seopress_titles_desc":"","_seopress_robots_index":"","footnotes":""},"type-de-page-":[5],"class_list":["post-435","page","type-page","status-publish","hentry","type-de-page--page-sans-image"],"acf":[],"_links":{"self":[{"href":"https:\/\/bonifacio-port.cci.corsica\/en\/wp-json\/wp\/v2\/pages\/435","targetHints":{"allow":["GET"]}}],"collection":[{"href":"https:\/\/bonifacio-port.cci.corsica\/en\/wp-json\/wp\/v2\/pages"}],"about":[{"href":"https:\/\/bonifacio-port.cci.corsica\/en\/wp-json\/wp\/v2\/types\/page"}],"author":[{"embeddable":true,"href":"https:\/\/bonifacio-port.cci.corsica\/en\/wp-json\/wp\/v2\/users\/4"}],"replies":[{"embeddable":true,"href":"https:\/\/bonifacio-port.cci.corsica\/en\/wp-json\/wp\/v2\/comments?post=435"}],"version-history":[{"count":212,"href":"https:\/\/bonifacio-port.cci.corsica\/en\/wp-json\/wp\/v2\/pages\/435\/revisions"}],"predecessor-version":[{"id":1448,"href":"https:\/\/bonifacio-port.cci.corsica\/en\/wp-json\/wp\/v2\/pages\/435\/revisions\/1448"}],"wp:attachment":[{"href":"https:\/\/bonifacio-port.cci.corsica\/en\/wp-json\/wp\/v2\/media?parent=435"}],"wp:term":[{"taxonomy":"type-de-page-","embeddable":true,"href":"https:\/\/bonifacio-port.cci.corsica\/en\/wp-json\/wp\/v2\/type-de-page-?post=435"}],"curies":[{"name":"wp","href":"https:\/\/api.w.org\/{rel}","templated":true}]}}