{"id":448,"date":"2024-06-16T16:59:02","date_gmt":"2024-06-16T14:59:02","guid":{"rendered":"https:\/\/bonifacio-port.cci.corsica\/?page_id=448"},"modified":"2024-07-17T16:43:05","modified_gmt":"2024-07-17T14:43:05","slug":"promotions-croisieres","status":"publish","type":"page","link":"https:\/\/bonifacio-port.cci.corsica\/en\/promotions-croisieres\/","title":{"rendered":"Cruise promotions"},"content":{"rendered":"<div data-elementor-type=\"wp-page\" data-elementor-id=\"448\" class=\"elementor elementor-448\" data-elementor-post-type=\"page\">\n\t\t\t\t<div class=\"elementor-element elementor-element-3236723e e-flex e-con-boxed e-con e-parent\" data-id=\"3236723e\" data-element_type=\"container\">\n\t\t\t\t\t<div class=\"e-con-inner\">\n\t\t\t\t<div class=\"elementor-element elementor-element-e3d8aff elementor-widget elementor-widget-text-editor\" data-id=\"e3d8aff\" data-element_type=\"widget\" data-widget_type=\"text-editor.default\">\n\t\t\t\t<div class=\"elementor-widget-container\">\n\t\t\t\t\t\t\t\t\t<p>Le \u00ab\u00a0P\u00f4le Croisi\u00e8res \u00bb, c\u2019est une \u00e9quipe qui multiplie les actions commerciales visant \u00e0 promouvoir les infrastructures portuaires de l\u2019\u00eele mais aussi la Corse en tant que \u00ab\u00a0Destination de Croisi\u00e8res\u00a0\u00bb aupr\u00e8s des compagnies internationales\u00a0!<\/p>\t\t\t\t\t\t\t\t<\/div>\n\t\t\t\t<\/div>\n\t\t\t\t\t<\/div>\n\t\t\t\t<\/div>\n\t\t<div class=\"elementor-element elementor-element-5cf45065 e-flex e-con-boxed e-con e-parent\" data-id=\"5cf45065\" data-element_type=\"container\">\n\t\t\t\t\t<div class=\"e-con-inner\">\n\t\t<div class=\"elementor-element elementor-element-4699dda4 e-con-full e-flex e-con e-child\" data-id=\"4699dda4\" data-element_type=\"container\" data-settings=\"{&quot;background_background&quot;:&quot;classic&quot;}\">\n\t\t\t\t<div class=\"elementor-element elementor-element-546d225b elementor-widget elementor-widget-text-editor\" data-id=\"546d225b\" data-element_type=\"widget\" data-widget_type=\"text-editor.default\">\n\t\t\t\t<div class=\"elementor-widget-container\">\n\t\t\t\t\t\t\t\t\t<h3><b>Promouvoir la \u00ab\u00a0Destination Croisi\u00e8re\u00a0\u00bb\u00a0<\/b><\/h3><p>Chaque ann\u00e9e, la <a href=\"https:\/\/www.cci.corsica\/\" target=\"_blank\" rel=\"noopener\">CCI de Corse<\/a> participe aux grands rendez-vous annuels <a href=\"https:\/\/www.seatradecruiseevents.com\/global\/en\/home.html\" target=\"_blank\" rel=\"noopener\">Seatrade Cruise Global<\/a> (USA \/ Floride), Seatrade Med\/Seatrade Europe, les 2 plus grands rendez-vous professionnels internationaux de la croisi\u00e8re qui regroupent tous les acteurs du march\u00e9 : ports, compagnies, chantiers navals, prestataires techniques\u2026<\/p><p>D\u2019autres actions sont men\u00e9es en compl\u00e9ment telles que missions commerciales de d\u00e9marchage aux si\u00e8ges des compagnies, participations \u00e0 des workshops et conf\u00e9rences th\u00e9matiques, \u00e9ductours\u2026<\/p><p>La CCI de Corse est \u00e9galement tr\u00e8s active au sein de la <a href=\"https:\/\/cruising.org\/en-gb\" target=\"_blank\" rel=\"noopener\">Cruise Line International Association<\/a> (CLIA), organisme mondial leader et repr\u00e9sentant au plan international de l\u2019industrie des croisi\u00e8res.<\/p><p>Elle est enfin membre du <a href=\"https:\/\/www.cluster-maritime.fr\/\" target=\"_blank\" rel=\"noopener\">Cluster Maritime Fran\u00e7ais<\/a>et du regroupement <a href=\"https:\/\/lefrenchsmartportinmed.com\/\" target=\"_blank\" rel=\"noopener\">French Med Ports<\/a> qui travaillent entre autres avec l\u2019organisme d\u2019\u00c9tat <a href=\"https:\/\/www.atout-france.fr\/\" target=\"_blank\" rel=\"noopener\">Atout France<\/a> \u00e0 asseoir la notori\u00e9t\u00e9 et la visibilit\u00e9 internationales de nos ports-destinations<\/p>\t\t\t\t\t\t\t\t<\/div>\n\t\t\t\t<\/div>\n\t\t\t\t<\/div>\n\t\t<div class=\"elementor-element elementor-element-5f73d2f2 e-con-full e-flex e-con e-child\" data-id=\"5f73d2f2\" data-element_type=\"container\" data-settings=\"{&quot;background_background&quot;:&quot;classic&quot;}\">\n\t\t\t\t<div class=\"elementor-element elementor-element-2cae9e70 elementor-widget elementor-widget-text-editor\" data-id=\"2cae9e70\" data-element_type=\"widget\" data-widget_type=\"text-editor.default\">\n\t\t\t\t<div class=\"elementor-widget-container\">\n\t\t\t\t\t\t\t\t\t<h3><b>La valorisation du patrimoine insulaire<\/b><\/h3><p>Localement, des actions de marketing sont \u00e9galement mises en place de fa\u00e7on r\u00e9currente. Chaque ann\u00e9e depuis 2016 une \u00e9tude de satisfaction de la client\u00e8le croisi\u00e9riste, men\u00e9e aupr\u00e8s d\u2019un \u00e9chantillonnage de navires et de passagers\u00a0et dont l\u2019objectif est de mieux conna\u00eetre les diff\u00e9rentes typologies de la client\u00e8le (origine, \u00e2ge, niveau CSP\u2026)\/d\u00e9penses (montants et sources)\/appr\u00e9ciation de l\u2019escale (maitrise des points forts \u2013 points faibles)\/appr\u00e9ciation de la de la destination (connaissance pr\u00e9alable, pr\u00e9-post appr\u00e9ciation) \/ appr\u00e9ciation des services rendus\u2026<\/p><p>Chaque ann\u00e9e, la CCI de Corse \u00e9dite des \u00ab Cruise Map \u00bb dans ses 6 ports, plans de ville adapt\u00e9s \u00e0 la client\u00e8le croisi\u00e9riste et distribu\u00e9s gratuitement aux passagers lors de leur d\u00e9barquement.<\/p>\t\t\t\t\t\t\t\t<\/div>\n\t\t\t\t<\/div>\n\t\t\t\t<\/div>\n\t\t\t\t\t<\/div>\n\t\t\t\t<\/div>\n\t\t<div class=\"elementor-element elementor-element-449cdb7c e-flex e-con-boxed e-con e-parent\" data-id=\"449cdb7c\" data-element_type=\"container\" data-settings=\"{&quot;background_background&quot;:&quot;classic&quot;}\">\n\t\t\t\t\t<div class=\"e-con-inner\">\n\t\t\t\t\t<\/div>\n\t\t\t\t<\/div>\n\t\t<div class=\"elementor-element elementor-element-72288db8 e-flex e-con-boxed e-con e-parent\" data-id=\"72288db8\" data-element_type=\"container\">\n\t\t\t\t\t<div class=\"e-con-inner\">\n\t\t\t\t<div class=\"elementor-element elementor-element-53f2bd71 elementor-widget elementor-widget-heading\" data-id=\"53f2bd71\" data-element_type=\"widget\" data-widget_type=\"heading.default\">\n\t\t\t\t<div class=\"elementor-widget-container\">\n\t\t\t\t\t<h2 class=\"elementor-heading-title elementor-size-default\">Une cha\u00eene de professionnels reconnus\n<\/h2>\t\t\t\t<\/div>\n\t\t\t\t<\/div>\n\t\t\t\t<div class=\"elementor-element elementor-element-134510b elementor-widget elementor-widget-text-editor\" data-id=\"134510b\" data-element_type=\"widget\" data-widget_type=\"text-editor.default\">\n\t\t\t\t<div class=\"elementor-widget-container\">\n\t\t\t\t\t\t\t\t\t<div class=\"elementor-widget-container\"><p>La croisi\u00e8re en Corse, c\u2019est \u00e9galement une cha\u00eene de professionnels reconnus au service des compagnies et des passagers :\u00a0<\/p><\/div><div class=\"elementor-widget-container\"><ul><li>Des \u00e9quipes techniques qui travaillent pour d\u00e9velopper les infrastructures portuaires, les rendre plus s\u00fbres, plus op\u00e9rationnelles et nous permettre de rester comp\u00e9titifs.<\/li><li>Un PCN (poste contr\u00f4le navires), accessible 7j\/7j, 24h\/24h, assurant la coordination des op\u00e9rations lors de l\u2019escale avec les autres services (Capitainerie, Douane, agents\u2026).<\/li><li>Des \u00e9quipes d\u2019accueil sur les terre-pleins et les gares maritimes pour assister les passagers et les membres d\u2019\u00e9quipage pendant les escales.<\/li><li>Des <strong>Stations de Pilotage dynamiques<\/strong>, qui ont su d\u00e9velopper l\u2019expertise et les \u00e9quipements pour servir les croisi\u00e8res.<\/li><li>Des <strong>\u00e9quipes de lamaneurs <\/strong>rompues \u00e0 l\u2019amarrage en s\u00e9curit\u00e9 des plus grands navires.<\/li><li>Des <strong>agents maritimes<\/strong>, <strong>guides<\/strong>, <strong>autocaristes<\/strong> et n<strong>ombreux prestataires locaux<\/strong>. Leur r\u00f4le\u00a0? Prendre soin des passagers, faire de leur escale une exp\u00e9rience r\u00e9ussie et leur proposer une foule d\u2019activit\u00e9s et de visites\u00a0!<\/li><\/ul><\/div>\t\t\t\t\t\t\t\t<\/div>\n\t\t\t\t<\/div>\n\t\t\t\t\t<\/div>\n\t\t\t\t<\/div>\n\t\t<div class=\"elementor-element elementor-element-9900d5d e-flex e-con-boxed e-con e-parent\" data-id=\"9900d5d\" data-element_type=\"container\">\n\t\t\t\t\t<div class=\"e-con-inner\">\n\t\t\t\t<div class=\"elementor-element elementor-element-c031509 elementor-widget elementor-widget-heading\" data-id=\"c031509\" data-element_type=\"widget\" data-widget_type=\"heading.default\">\n\t\t\t\t<div class=\"elementor-widget-container\">\n\t\t\t\t\t<h3 class=\"elementor-heading-title elementor-size-default\">Responsable du d\u00e9veloppement croisi\u00e8re :\nLaetitia MORESCO\n<\/h3>\t\t\t\t<\/div>\n\t\t\t\t<\/div>\n\t\t\t\t<div class=\"elementor-element elementor-element-8612929 elementor-icon-list--layout-traditional elementor-list-item-link-full_width elementor-widget elementor-widget-icon-list\" data-id=\"8612929\" data-element_type=\"widget\" data-widget_type=\"icon-list.default\">\n\t\t\t\t<div class=\"elementor-widget-container\">\n\t\t\t\t\t\t\t<ul class=\"elementor-icon-list-items\">\n\t\t\t\t\t\t\t<li class=\"elementor-icon-list-item\">\n\t\t\t\t\t\t\t\t\t\t\t<span class=\"elementor-icon-list-icon\">\n\t\t\t\t\t\t\t<svg aria-hidden=\"true\" class=\"e-font-icon-svg e-fas-phone-square-alt\" viewbox=\"0 0 448 512\" xmlns=\"http:\/\/www.w3.org\/2000\/svg\"><path d=\"M400 32H48A48 48 0 0 0 0 80v352a48 48 0 0 0 48 48h352a48 48 0 0 0 48-48V80a48 48 0 0 0-48-48zm-16.39 307.37l-15 65A15 15 0 0 1 354 416C194 416 64 286.29 64 126a15.7 15.7 0 0 1 11.63-14.61l65-15A18.23 18.23 0 0 1 144 96a16.27 16.27 0 0 1 13.79 9.09l30 70A17.9 17.9 0 0 1 189 181a17 17 0 0 1-5.5 11.61l-37.89 31a231.91 231.91 0 0 0 110.78 110.78l31-37.89A17 17 0 0 1 299 291a17.85 17.85 0 0 1 5.91 1.21l70 30A16.25 16.25 0 0 1 384 336a17.41 17.41 0 0 1-.39 3.37z\"><\/path><\/svg>\t\t\t\t\t\t<\/span>\n\t\t\t\t\t\t\t\t\t\t<span class=\"elementor-icon-list-text\">+33 (0)4 95 51 55 24<\/span>\n\t\t\t\t\t\t\t\t\t<\/li>\n\t\t\t\t\t\t\t\t<li class=\"elementor-icon-list-item\">\n\t\t\t\t\t\t\t\t\t\t\t<a href=\"mailto:am.spinosi@bastia.port.fr\">\n\n\t\t\t\t\t\t\t\t\t\t\t\t<span class=\"elementor-icon-list-icon\">\n\t\t\t\t\t\t\t<svg aria-hidden=\"true\" class=\"e-font-icon-svg e-far-envelope\" viewbox=\"0 0 512 512\" xmlns=\"http:\/\/www.w3.org\/2000\/svg\"><path d=\"M464 64H48C21.49 64 0 85.49 0 112v288c0 26.51 21.49 48 48 48h416c26.51 0 48-21.49 48-48V112c0-26.51-21.49-48-48-48zm0 48v40.805c-22.422 18.259-58.168 46.651-134.587 106.49-16.841 13.247-50.201 45.072-73.413 44.701-23.208.375-56.579-31.459-73.413-44.701C106.18 199.465 70.425 171.067 48 152.805V112h416zM48 400V214.398c22.914 18.251 55.409 43.862 104.938 82.646 21.857 17.205 60.134 55.186 103.062 54.955 42.717.231 80.509-37.199 103.053-54.947 49.528-38.783 82.032-64.401 104.947-82.653V400H48z\"><\/path><\/svg>\t\t\t\t\t\t<\/span>\n\t\t\t\t\t\t\t\t\t\t<span class=\"elementor-icon-list-text\">laetitia.moresco@cci.corsica<\/span>\n\t\t\t\t\t\t\t\t\t\t\t<\/a>\n\t\t\t\t\t\t\t\t\t<\/li>\n\t\t\t\t\t\t<\/ul>\n\t\t\t\t\t\t<\/div>\n\t\t\t\t<\/div>\n\t\t\t\t\t<\/div>\n\t\t\t\t<\/div>\n\t\t\t\t<\/div>","protected":false},"excerpt":{"rendered":"<p>Le \u00ab\u00a0P\u00f4le Croisi\u00e8res \u00bb, c\u2019est une \u00e9quipe qui multiplie les actions commerciales visant \u00e0 promouvoir les infrastructures portuaires de l\u2019\u00eele mais aussi la Corse en tant que \u00ab\u00a0Destination de Croisi\u00e8res\u00a0\u00bb aupr\u00e8s des compagnies internationales\u00a0! Promouvoir la \u00ab\u00a0Destination Croisi\u00e8re\u00a0\u00bb\u00a0 Chaque ann\u00e9e, la CCI de Corse participe aux grands rendez-vous annuels Seatrade Cruise Global (USA \/ Floride), [&hellip;]<\/p>\n","protected":false},"author":4,"featured_media":0,"parent":0,"menu_order":0,"comment_status":"closed","ping_status":"closed","template":"","meta":{"_acf_changed":false,"_seopress_robots_primary_cat":"","_seopress_titles_title":"","_seopress_titles_desc":"","_seopress_robots_index":"","footnotes":""},"type-de-page-":[5],"class_list":["post-448","page","type-page","status-publish","hentry","type-de-page--page-sans-image"],"acf":[],"_links":{"self":[{"href":"https:\/\/bonifacio-port.cci.corsica\/en\/wp-json\/wp\/v2\/pages\/448","targetHints":{"allow":["GET"]}}],"collection":[{"href":"https:\/\/bonifacio-port.cci.corsica\/en\/wp-json\/wp\/v2\/pages"}],"about":[{"href":"https:\/\/bonifacio-port.cci.corsica\/en\/wp-json\/wp\/v2\/types\/page"}],"author":[{"embeddable":true,"href":"https:\/\/bonifacio-port.cci.corsica\/en\/wp-json\/wp\/v2\/users\/4"}],"replies":[{"embeddable":true,"href":"https:\/\/bonifacio-port.cci.corsica\/en\/wp-json\/wp\/v2\/comments?post=448"}],"version-history":[{"count":16,"href":"https:\/\/bonifacio-port.cci.corsica\/en\/wp-json\/wp\/v2\/pages\/448\/revisions"}],"predecessor-version":[{"id":842,"href":"https:\/\/bonifacio-port.cci.corsica\/en\/wp-json\/wp\/v2\/pages\/448\/revisions\/842"}],"wp:attachment":[{"href":"https:\/\/bonifacio-port.cci.corsica\/en\/wp-json\/wp\/v2\/media?parent=448"}],"wp:term":[{"taxonomy":"type-de-page-","embeddable":true,"href":"https:\/\/bonifacio-port.cci.corsica\/en\/wp-json\/wp\/v2\/type-de-page-?post=448"}],"curies":[{"name":"wp","href":"https:\/\/api.w.org\/{rel}","templated":true}]}}