{"id":457,"date":"2024-06-16T17:05:01","date_gmt":"2024-06-16T15:05:01","guid":{"rendered":"https:\/\/bonifacio-port.cci.corsica\/?page_id=457"},"modified":"2024-10-09T09:41:59","modified_gmt":"2024-10-09T07:41:59","slug":"services","status":"publish","type":"page","link":"https:\/\/bonifacio-port.cci.corsica\/en\/services\/","title":{"rendered":"Available services"},"content":{"rendered":"<div data-elementor-type=\"wp-page\" data-elementor-id=\"457\" class=\"elementor elementor-457\" data-elementor-post-type=\"page\">\n\t\t\t\t<div class=\"elementor-element elementor-element-7f1cc5a4 e-flex e-con-boxed e-con e-parent\" data-id=\"7f1cc5a4\" data-element_type=\"container\">\n\t\t\t\t\t<div class=\"e-con-inner\">\n\t\t<div class=\"elementor-element elementor-element-1c2ea867 e-con-full e-flex e-con e-child\" data-id=\"1c2ea867\" data-element_type=\"container\">\n\t\t\t\t<div class=\"elementor-element elementor-element-3b843b97 elementor-widget elementor-widget-text-editor\" data-id=\"3b843b97\" data-element_type=\"widget\" data-widget_type=\"text-editor.default\">\n\t\t\t\t<div class=\"elementor-widget-container\">\n\t\t\t\t\t\t\t\t\t<ul><li>Point Informations de la\u00a0 CCI de Corse<\/li><li>Toilettes<\/li><li>Acc\u00e8s wifi gratuit<\/li><li>Distributeurs de boissons chaudes, boissons froides, en-cas<\/li><li>Nurserie<\/li><\/ul>\t\t\t\t\t\t\t\t<\/div>\n\t\t\t\t<\/div>\n\t\t\t\t<\/div>\n\t\t<div class=\"elementor-element elementor-element-44d7edd3 e-con-full e-flex e-con e-child\" data-id=\"44d7edd3\" data-element_type=\"container\" data-settings=\"{&quot;background_background&quot;:&quot;classic&quot;}\">\n\t\t\t\t<\/div>\n\t\t\t\t\t<\/div>\n\t\t\t\t<\/div>\n\t\t<div class=\"elementor-element elementor-element-2817b4b6 e-flex e-con-boxed e-con e-parent\" data-id=\"2817b4b6\" data-element_type=\"container\">\n\t\t\t\t\t<div class=\"e-con-inner\">\n\t\t\t\t<div class=\"elementor-element elementor-element-792eb086 elementor-alert-info elementor-widget elementor-widget-alert\" data-id=\"792eb086\" data-element_type=\"widget\" data-widget_type=\"alert.default\">\n\t\t\t\t<div class=\"elementor-widget-container\">\n\t\t\t\t\t\t\t<div class=\"elementor-alert\" role=\"alert\">\n\n\t\t\t\t\t\t<span class=\"elementor-alert-title\">Infos utiles<\/span>\n\t\t\t\n\t\t\t\t\t\t<span class=\"elementor-alert-description\">Pour des raisons de s\u00fbret\u00e9, il n\u2019y a pas de consignes dans la Gare Maritime ni dans l\u2019enceinte portuaire.<\/span>\n\t\t\t\n\t\t\t\n\t\t<\/div>\n\t\t\t\t\t\t<\/div>\n\t\t\t\t<\/div>\n\t\t\t\t\t<\/div>\n\t\t\t\t<\/div>\n\t\t\t\t<\/div>","protected":false},"excerpt":{"rendered":"<p>Point Informations de la\u00a0 CCI de Corse Toilettes Acc\u00e8s wifi gratuit Distributeurs de boissons chaudes, boissons froides, en-cas Nurserie Infos utiles Pour des raisons de s\u00fbret\u00e9, il n\u2019y a pas de consignes dans la Gare Maritime ni dans l\u2019enceinte portuaire.<\/p>","protected":false},"author":4,"featured_media":0,"parent":0,"menu_order":0,"comment_status":"closed","ping_status":"closed","template":"","meta":{"_acf_changed":false,"_seopress_robots_primary_cat":"","_seopress_titles_title":"","_seopress_titles_desc":"","_seopress_robots_index":"","footnotes":""},"type-de-page-":[5],"class_list":["post-457","page","type-page","status-publish","hentry","type-de-page--page-sans-image"],"acf":[],"_links":{"self":[{"href":"https:\/\/bonifacio-port.cci.corsica\/en\/wp-json\/wp\/v2\/pages\/457","targetHints":{"allow":["GET"]}}],"collection":[{"href":"https:\/\/bonifacio-port.cci.corsica\/en\/wp-json\/wp\/v2\/pages"}],"about":[{"href":"https:\/\/bonifacio-port.cci.corsica\/en\/wp-json\/wp\/v2\/types\/page"}],"author":[{"embeddable":true,"href":"https:\/\/bonifacio-port.cci.corsica\/en\/wp-json\/wp\/v2\/users\/4"}],"replies":[{"embeddable":true,"href":"https:\/\/bonifacio-port.cci.corsica\/en\/wp-json\/wp\/v2\/comments?post=457"}],"version-history":[{"count":22,"href":"https:\/\/bonifacio-port.cci.corsica\/en\/wp-json\/wp\/v2\/pages\/457\/revisions"}],"predecessor-version":[{"id":1482,"href":"https:\/\/bonifacio-port.cci.corsica\/en\/wp-json\/wp\/v2\/pages\/457\/revisions\/1482"}],"wp:attachment":[{"href":"https:\/\/bonifacio-port.cci.corsica\/en\/wp-json\/wp\/v2\/media?parent=457"}],"wp:term":[{"taxonomy":"type-de-page-","embeddable":true,"href":"https:\/\/bonifacio-port.cci.corsica\/en\/wp-json\/wp\/v2\/type-de-page-?post=457"}],"curies":[{"name":"wp","href":"https:\/\/api.w.org\/{rel}","templated":true}]}}