{"id":539,"date":"2024-06-27T22:02:39","date_gmt":"2024-06-27T20:02:39","guid":{"rendered":"https:\/\/bonifacio-port.cci.corsica\/?page_id=539"},"modified":"2024-10-09T09:25:06","modified_gmt":"2024-10-09T07:25:06","slug":"security","status":"publish","type":"page","link":"https:\/\/bonifacio-port.cci.corsica\/en\/surete\/","title":{"rendered":"Security"},"content":{"rendered":"<div data-elementor-type=\"wp-page\" data-elementor-id=\"539\" class=\"elementor elementor-539\" data-elementor-post-type=\"page\">\n\t\t\t\t<div class=\"elementor-element elementor-element-43c27fe e-flex e-con-boxed e-con e-parent\" data-id=\"43c27fe\" data-element_type=\"container\">\n\t\t\t\t\t<div class=\"e-con-inner\">\n\t\t<div class=\"elementor-element elementor-element-0fd548b e-con-full e-flex e-con e-child\" data-id=\"0fd548b\" data-element_type=\"container\">\n\t\t\t\t<div class=\"elementor-element elementor-element-9a74d0f elementor-widget elementor-widget-text-editor\" data-id=\"9a74d0f\" data-element_type=\"widget\" data-widget_type=\"text-editor.default\">\n\t\t\t\t<div class=\"elementor-widget-container\">\n\t\t\t\t\t\t\t\t\t<h3><strong>Security checks at boarding<\/strong><\/h3><p><b><i>Prepare your Transport Title (ticket) and your Identity Document for the security check and the commercial check, which can start up to 2 hours before the departure of the ship.<\/i><\/b><\/p><p>The International Ship and Port Facility Security (ISPS) Code requires all port facilities to carry out security checks on all passengers (pedestrian or vehicular) presenting themselves for embarkation.<\/p><p>The Security Agents will systematically carry out an access control (verification of the Transport Title) as well as a visual inspection (of the passenger, his\/her baggage and\/or the vehicle). The passenger may then be subjected to a screening inspection, which consists of a more thorough check of baggage and\/or the vehicle, in accordance with all current regulations.<\/p><p>Passengers should have their Tickets and identity documents ready to facilitate security checks and should keep all these documents with them if they wish to leave the port security area temporarily.<\/p><p>The VIGIPIRATE Plan is currently active in the port of Bonifacio.<\/p><p>Current level :\u00a0<b>\u00abHeightened security - risk of attack\u00bb<\/b><\/p>\t\t\t\t\t\t\t\t<\/div>\n\t\t\t\t<\/div>\n\t\t\t\t<\/div>\n\t\t<div class=\"elementor-element elementor-element-57f4944 e-con-full e-flex e-con e-child\" data-id=\"57f4944\" data-element_type=\"container\" data-settings=\"{&quot;background_background&quot;:&quot;classic&quot;}\">\n\t\t\t\t<\/div>\n\t\t\t\t\t<\/div>\n\t\t\t\t<\/div>\n\t\t\t\t<\/div>","protected":false},"excerpt":{"rendered":"<p>Contr\u00f4les de S\u00fbret\u00e9 \u00e0 l\u2019embarquement Pr\u00e9parez votre Titre de Transport (billet) et votre Pi\u00e8ce d\u2019Identit\u00e9 pour le contr\u00f4le de s\u00fbret\u00e9 et le contr\u00f4le commercial, qui peuvent d\u00e9buter jusqu\u2019\u00e0 2 heures avant le d\u00e9part du navire. Le code international ISPS impose \u00e0 toutes les installations portuaires la r\u00e9alisation de contr\u00f4le de s\u00fbret\u00e9 sur tous les passagers [&hellip;]<\/p>\n","protected":false},"author":4,"featured_media":0,"parent":0,"menu_order":0,"comment_status":"closed","ping_status":"closed","template":"","meta":{"_acf_changed":false,"_seopress_robots_primary_cat":"","_seopress_titles_title":"","_seopress_titles_desc":"","_seopress_robots_index":"","footnotes":""},"type-de-page-":[5],"class_list":["post-539","page","type-page","status-publish","hentry","type-de-page--page-sans-image"],"acf":[],"_links":{"self":[{"href":"https:\/\/bonifacio-port.cci.corsica\/en\/wp-json\/wp\/v2\/pages\/539","targetHints":{"allow":["GET"]}}],"collection":[{"href":"https:\/\/bonifacio-port.cci.corsica\/en\/wp-json\/wp\/v2\/pages"}],"about":[{"href":"https:\/\/bonifacio-port.cci.corsica\/en\/wp-json\/wp\/v2\/types\/page"}],"author":[{"embeddable":true,"href":"https:\/\/bonifacio-port.cci.corsica\/en\/wp-json\/wp\/v2\/users\/4"}],"replies":[{"embeddable":true,"href":"https:\/\/bonifacio-port.cci.corsica\/en\/wp-json\/wp\/v2\/comments?post=539"}],"version-history":[{"count":31,"href":"https:\/\/bonifacio-port.cci.corsica\/en\/wp-json\/wp\/v2\/pages\/539\/revisions"}],"predecessor-version":[{"id":1476,"href":"https:\/\/bonifacio-port.cci.corsica\/en\/wp-json\/wp\/v2\/pages\/539\/revisions\/1476"}],"wp:attachment":[{"href":"https:\/\/bonifacio-port.cci.corsica\/en\/wp-json\/wp\/v2\/media?parent=539"}],"wp:term":[{"taxonomy":"type-de-page-","embeddable":true,"href":"https:\/\/bonifacio-port.cci.corsica\/en\/wp-json\/wp\/v2\/type-de-page-?post=539"}],"curies":[{"name":"wp","href":"https:\/\/api.w.org\/{rel}","templated":true}]}}